{"id":987,"date":"2021-08-09T03:32:57","date_gmt":"2021-08-09T00:32:57","guid":{"rendered":"http:\/\/www.espack.com.tr\/?page_id=987"},"modified":"2021-09-18T21:05:53","modified_gmt":"2021-09-18T18:05:53","slug":"termoform-mvz-150","status":"publish","type":"page","link":"https:\/\/www.espack.com.tr\/?page_id=987","title":{"rendered":"Termoform MVZ-150"},"content":{"rendered":"<p>[vc_row css=&#8221;.vc_custom_1628469599780{margin-top: 50px !important;}&#8221;][vc_column width=&#8221;1\/2&#8243;][vc_single_image image=&#8221;955&#8243; img_size=&#8221;full&#8221;][\/vc_column][vc_column width=&#8221;1\/2&#8243;][vc_column_text]<\/p>\n<h3><strong>Termoform MVZ-150<\/strong><\/h3>\n<p>MVZ-150, AISI paslanmaz \u00e7elik ve al\u00fcminyum iskelet \u00fczerine kurulmu\u015f y\u00fcksek mekanik dayan\u0131kl\u0131l\u0131\u011fa sahip, en zorlu \u00e7al\u0131\u015fma ortamlar\u0131nda bile uzun \u00f6m\u00fcrl\u00fc ,ileri teknoloji \u00fcr\u00fcn\u00fc ambalaj makinalar\u0131d\u0131r.<br \/>\n\u00f6n \u0131s\u0131tma plakalar\u0131,\u015fekillendirme kal\u0131b\u0131, dolum istasyonu, vakum, gaz verme ve yap\u0131\u015ft\u0131rma istasyonu ile kesme kal\u0131plar\u0131 makinan\u0131n temel \u00fcniteleridir.ambalaj folyosunun zincir ile ta\u015f\u0131nmas\u0131 yumu\u015fak malzeme kullan\u0131m\u0131na olanak vererek ekonomik ve y\u00fcksek performans sa\u011flanmaktad\u0131r.\u00a0\u00a0 \u00a0\u00a0\u00a0 \u00a0\u00a0\u00a0 \u00a0\u00a0\u00a0 \u00a0\u00a0\u00a0 \u00a0\u00a0\u00a0 \u00a0\u00a0\u00a0 \u00a0\u00a0 \u00a0 \u00a0 \u00a0 \u00a0 \u00a0 \u00a0 \u00a0 \u00a0 \u00a0 \u00a0 \u00a0 \u00a0MVZ-150 m\u00fc\u015fteri isteklerine g\u00f6re dar alanlar i\u00e7in \u00fcretilen ekonomik ve kullan\u0131\u015fl\u0131 Tam otomatik termofrom paketleme makinas\u0131d\u0131r.<br \/>\nMVZ-150 ile ambalajlanan \u00fcr\u00fcnlere yaln\u0131zca vakum uygulanabildi\u011fi gibi gerekti\u011finde bir veya daha fazla koruyucu gaz enjeksiyonu yap\u0131larak optimum raf \u00f6mr\u00fcne ula\u015f\u0131lmaktad\u0131r.<br \/>\nB\u00fct\u00fcn parametrelerin izlenip istenilen de\u011fi\u015fiklerin kolayca yap\u0131labildi\u011fi en son teknoloji \u00fcr\u00fcn\u00fc PLC i\u015flemci kumand sistemi, kullan\u0131m\u0131 kolay dokunmatik operat\u00f6r paneli ile rahat \u00e7al\u0131\u015fma ortam\u0131 sa\u011flar[\/vc_column_text][\/vc_column][\/vc_row][vc_row css=&#8221;.vc_custom_1628469481179{margin-top: 30px !important;}&#8221;][vc_column width=&#8221;5\/6&#8243;][vc_tta_tabs color=&#8221;juicy-pink&#8221; active_section=&#8221;1&#8243;][vc_tta_section title=&#8221;Teknik \u00d6zellikler&#8221; tab_id=&#8221;1628469292272-723b6db8-4d49&#8243;][vc_column_text]GIDA: Et, S\u00fct ve Unlu mam\u00fcller, kuruyemi\u015f,Bal\u0131k.<br \/>\nMED\u0130KAL, KIRTAS\u0130YE,OYUNCAK TEM\u0130ZL\u0130K MALZEMELER\u0130[\/vc_column_text][\/vc_tta_section][vc_tta_section title=&#8221;Kullan\u0131m Alanlar\u0131&#8221; tab_id=&#8221;1628469292282-a781891e-801f&#8221;][\/vc_tta_section][vc_tta_section title=&#8221;Video&#8221; tab_id=&#8221;1628469294496-29bf491c-1884&#8243;][\/vc_tta_section][vc_tta_section title=&#8221;Foto\u011fraflar&#8221; tab_id=&#8221;1628469298790-327989eb-0da7&#8243;][vc_gallery type=&#8221;image_grid&#8221; images=&#8221;992,993,994,995&#8243;][\/vc_tta_section][\/vc_tta_tabs][\/vc_column][vc_column width=&#8221;1\/6&#8243;][\/vc_column][\/vc_row]<\/p>","protected":false},"excerpt":{"rendered":"<p>[vc_row css=&#8221;.vc_custom_1628469599780{margin-top: 50px !important;}&#8221;][vc_column width=&#8221;1\/2&#8243;][vc_single_image image=&#8221;955&#8243; img_size=&#8221;full&#8221;][\/vc_column][vc_column width=&#8221;1\/2&#8243;][vc_column_text] Termoform MVZ-150 MVZ-150, AISI paslanmaz \u00e7elik ve al\u00fcminyum iskelet \u00fczerine kurulmu\u015f y\u00fcksek mekanik dayan\u0131kl\u0131l\u0131\u011fa sahip, en zorlu \u00e7al\u0131\u015fma ortamlar\u0131nda bile uzun \u00f6m\u00fcrl\u00fc ,ileri teknoloji \u00fcr\u00fcn\u00fc ambalaj makinalar\u0131d\u0131r. \u00f6n \u0131s\u0131tma plakalar\u0131,\u015fekillendirme kal\u0131b\u0131, dolum&#8230;<\/p>\n","protected":false},"author":1,"featured_media":0,"parent":0,"menu_order":0,"comment_status":"closed","ping_status":"closed","template":"","meta":{"_joinchat":[],"footnotes":""},"class_list":["post-987","page","type-page","status-publish","hentry"],"_links":{"self":[{"href":"https:\/\/www.espack.com.tr\/index.php?rest_route=\/wp\/v2\/pages\/987","targetHints":{"allow":["GET"]}}],"collection":[{"href":"https:\/\/www.espack.com.tr\/index.php?rest_route=\/wp\/v2\/pages"}],"about":[{"href":"https:\/\/www.espack.com.tr\/index.php?rest_route=\/wp\/v2\/types\/page"}],"author":[{"embeddable":true,"href":"https:\/\/www.espack.com.tr\/index.php?rest_route=\/wp\/v2\/users\/1"}],"replies":[{"embeddable":true,"href":"https:\/\/www.espack.com.tr\/index.php?rest_route=%2Fwp%2Fv2%2Fcomments&post=987"}],"version-history":[{"count":16,"href":"https:\/\/www.espack.com.tr\/index.php?rest_route=\/wp\/v2\/pages\/987\/revisions"}],"predecessor-version":[{"id":989,"href":"https:\/\/www.espack.com.tr\/index.php?rest_route=\/wp\/v2\/pages\/987\/revisions\/989"}],"wp:attachment":[{"href":"https:\/\/www.espack.com.tr\/index.php?rest_route=%2Fwp%2Fv2%2Fmedia&parent=987"}],"curies":[{"name":"wp","href":"https:\/\/api.w.org\/{rel}","templated":true}]}}