{"id":843,"date":"2021-08-09T01:02:40","date_gmt":"2021-08-08T22:02:40","guid":{"rendered":"http:\/\/www.espack.com.tr\/?page_id=843"},"modified":"2021-09-26T19:03:00","modified_gmt":"2021-09-26T16:03:00","slug":"sut-urunleri","status":"publish","type":"page","link":"https:\/\/www.espack.com.tr\/?page_id=843","title":{"rendered":"S\u00fct \u00dcr\u00fcnleri"},"content":{"rendered":"<p>[vc_row css=&#8221;.vc_custom_1628474397258{margin-top: 50px !important;margin-bottom: 50px !important;}&#8221;][vc_column width=&#8221;1\/2&#8243;]<h2 class='heading-middle  divider-modern' ><span>Espack Machinery For Yellow Cheese 2<\/span><\/h2>[vc_empty_space]<div class=\"video-wrapper\"><iframe loading=\"lazy\" src=\"https:\/\/www.youtube.com\/embed\/DPZBwQmwwNU?wmode=transparent\" width=\"1280\" height=\"315\" style=\"border: none !important\"><\/iframe><\/div>[\/vc_column][vc_column width=&#8221;1\/2&#8243;]<h2 class='heading-middle  divider-modern' ><span> ESPACK Machinery for Yellow cheese 1<\/span><\/h2>[vc_empty_space]<div class=\"video-wrapper\"><iframe loading=\"lazy\" src=\"https:\/\/www.youtube.com\/embed\/eWUkZvtUikA?wmode=transparent\" width=\"1280\" height=\"315\" style=\"border: none !important\"><\/iframe><\/div>[\/vc_column][\/vc_row][vc_row css=&#8221;.vc_custom_1628474411702{margin-bottom: 50px !important;}&#8221;][vc_column width=&#8221;1\/2&#8243;]<h2 class='heading-middle  divider-modern' ><span>Espack Machinery For Yellow Cheese 3<\/span><\/h2>[vc_empty_space]<div class=\"video-wrapper\"><iframe loading=\"lazy\" src=\"https:\/\/www.youtube.com\/embed\/5IZaZMbJeIE?wmode=transparent\" width=\"1280\" height=\"315\" style=\"border: none !important\"><\/iframe><\/div>[\/vc_column][vc_column width=&#8221;1\/2&#8243;]<h2 class='heading-middle  divider-modern' ><span> Espack Machinery For Yellow Cheese 4<\/span><\/h2>[vc_empty_space]<div class=\"video-wrapper\"><iframe loading=\"lazy\" src=\"https:\/\/www.youtube.com\/embed\/vAjh9K3LWWM?wmode=transparent\" width=\"1280\" height=\"315\" style=\"border: none !important\"><\/iframe><\/div>[\/vc_column][\/vc_row][vc_row css=&#8221;.vc_custom_1628474411702{margin-bottom: 50px !important;}&#8221;][vc_column width=&#8221;1\/2&#8243;]<h2 class='heading-middle  divider-modern' ><span>Espack Machinery For Yellow Cheese 5<\/span><\/h2>[vc_empty_space]<div class=\"video-wrapper\"><iframe loading=\"lazy\" src=\"https:\/\/www.youtube.com\/embed\/TtOvHlWqh5E?wmode=transparent\" width=\"1280\" height=\"315\" style=\"border: none !important\"><\/iframe><\/div>[\/vc_column][vc_column width=&#8221;1\/2&#8243;]<h2 class='heading-middle  divider-modern' ><span>Espack Machinery For White Cheese 1<\/span><\/h2>[vc_empty_space]<div class=\"video-wrapper\"><iframe loading=\"lazy\" src=\"https:\/\/www.youtube.com\/embed\/WTSSGpV3mkk?wmode=transparent\" width=\"1280\" height=\"315\" style=\"border: none !important\"><\/iframe><\/div>[\/vc_column][\/vc_row][vc_row css=&#8221;.vc_custom_1628474411702{margin-bottom: 50px !important;}&#8221;][vc_column width=&#8221;1\/2&#8243;]<h2 class='heading-middle  divider-modern' ><span>Espack Machinery For White Cheese 2<\/span><\/h2>[vc_empty_space]<div class=\"video-wrapper\"><iframe loading=\"lazy\" src=\"https:\/\/www.youtube.com\/embed\/_qdZNyKEZL0?wmode=transparent\" width=\"1280\" height=\"315\" style=\"border: none !important\"><\/iframe><\/div>[\/vc_column][vc_column width=&#8221;1\/2&#8243;]<h2 class='heading-middle  divider-modern' ><span>Espack Machinery For White Cheese 3<\/span><\/h2>[vc_empty_space]<div class=\"video-wrapper\"><iframe loading=\"lazy\" src=\"https:\/\/www.youtube.com\/embed\/JGEyR97DKk4?wmode=transparent\" width=\"1280\" height=\"315\" style=\"border: none !important\"><\/iframe><\/div>[\/vc_column][\/vc_row][vc_row css=&#8221;.vc_custom_1628474411702{margin-bottom: 50px !important;}&#8221;][vc_column width=&#8221;1\/2&#8243;]<h2 class='heading-middle  divider-modern' ><span>Espack Machinery For Butter<\/span><\/h2>[vc_empty_space]<div class=\"video-wrapper\"><iframe loading=\"lazy\" src=\"https:\/\/www.youtube.com\/embed\/aJ0sOvHlDq4?wmode=transparent\" width=\"1280\" height=\"315\" style=\"border: none !important\"><\/iframe><\/div>[\/vc_column][vc_column width=&#8221;1\/2&#8243;]<h2 class='heading-middle  divider-modern' ><span> Espack Machinery For Jam<\/span><\/h2>[vc_empty_space]<div class=\"video-wrapper\"><iframe loading=\"lazy\" src=\"https:\/\/www.youtube.com\/embed\/zBJ3nQ-sK9E?wmode=transparent\" width=\"1280\" height=\"315\" style=\"border: none !important\"><\/iframe><\/div>[\/vc_column][\/vc_row][vc_row css=&#8221;.vc_custom_1628474411702{margin-bottom: 50px !important;}&#8221;][vc_column width=&#8221;1\/2&#8243;]<h2 class='heading-middle  divider-modern' ><span>Espack Machinery For Olive<\/span><\/h2>[vc_empty_space]<div class=\"video-wrapper\"><iframe loading=\"lazy\" src=\"https:\/\/www.youtube.com\/embed\/x_49XUVdGfM?wmode=transparent\" width=\"1280\" height=\"315\" style=\"border: none !important\"><\/iframe><\/div>[\/vc_column][vc_column width=&#8221;1\/2&#8243;][\/vc_column][\/vc_row]<\/p>","protected":false},"excerpt":{"rendered":"<p>[vc_row css=&#8221;.vc_custom_1628474397258{margin-top: 50px !important;margin-bottom: 50px !important;}&#8221;][vc_column width=&#8221;1\/2&#8243;][vc_empty_space][\/vc_column][vc_column width=&#8221;1\/2&#8243;][vc_empty_space][\/vc_column][\/vc_row][vc_row css=&#8221;.vc_custom_1628474411702{margin-bottom: 50px !important;}&#8221;][vc_column width=&#8221;1\/2&#8243;][vc_empty_space][\/vc_column][vc_column width=&#8221;1\/2&#8243;][vc_empty_space][\/vc_column][\/vc_row][vc_row css=&#8221;.vc_custom_1628474411702{margin-bottom: 50px !important;}&#8221;][vc_column width=&#8221;1\/2&#8243;][vc_empty_space][\/vc_column][vc_column width=&#8221;1\/2&#8243;][vc_empty_space][\/vc_column][\/vc_row][vc_row css=&#8221;.vc_custom_1628474411702{margin-bottom: 50px !important;}&#8221;][vc_column width=&#8221;1\/2&#8243;][vc_empty_space][\/vc_column][vc_column width=&#8221;1\/2&#8243;][vc_empty_space][\/vc_column][\/vc_row][vc_row css=&#8221;.vc_custom_1628474411702{margin-bottom: 50px !important;}&#8221;][vc_column width=&#8221;1\/2&#8243;][vc_empty_space][\/vc_column][vc_column width=&#8221;1\/2&#8243;][vc_empty_space][\/vc_column][\/vc_row][vc_row css=&#8221;.vc_custom_1628474411702{margin-bottom: 50px !important;}&#8221;][vc_column width=&#8221;1\/2&#8243;][vc_empty_space][\/vc_column][vc_column width=&#8221;1\/2&#8243;][\/vc_column][\/vc_row]<\/p>\n","protected":false},"author":1,"featured_media":0,"parent":0,"menu_order":0,"comment_status":"closed","ping_status":"closed","template":"","meta":{"_joinchat":[],"footnotes":""},"class_list":["post-843","page","type-page","status-publish","hentry"],"_links":{"self":[{"href":"https:\/\/www.espack.com.tr\/index.php?rest_route=\/wp\/v2\/pages\/843","targetHints":{"allow":["GET"]}}],"collection":[{"href":"https:\/\/www.espack.com.tr\/index.php?rest_route=\/wp\/v2\/pages"}],"about":[{"href":"https:\/\/www.espack.com.tr\/index.php?rest_route=\/wp\/v2\/types\/page"}],"author":[{"embeddable":true,"href":"https:\/\/www.espack.com.tr\/index.php?rest_route=\/wp\/v2\/users\/1"}],"replies":[{"embeddable":true,"href":"https:\/\/www.espack.com.tr\/index.php?rest_route=%2Fwp%2Fv2%2Fcomments&post=843"}],"version-history":[{"count":19,"href":"https:\/\/www.espack.com.tr\/index.php?rest_route=\/wp\/v2\/pages\/843\/revisions"}],"predecessor-version":[{"id":1558,"href":"https:\/\/www.espack.com.tr\/index.php?rest_route=\/wp\/v2\/pages\/843\/revisions\/1558"}],"wp:attachment":[{"href":"https:\/\/www.espack.com.tr\/index.php?rest_route=%2Fwp%2Fv2%2Fmedia&parent=843"}],"curies":[{"name":"wp","href":"https:\/\/api.w.org\/{rel}","templated":true}]}}