{"id":841,"date":"2021-08-09T01:02:24","date_gmt":"2021-08-08T22:02:24","guid":{"rendered":"http:\/\/www.espack.com.tr\/?page_id=841"},"modified":"2021-09-01T18:45:21","modified_gmt":"2021-09-01T15:45:21","slug":"paketleme-cozumleri","status":"publish","type":"page","link":"https:\/\/www.espack.com.tr\/?page_id=841","title":{"rendered":"PAKETLEME \u00c7\u00d6Z\u00dcMLER\u0130"},"content":{"rendered":"<p>[vc_row css=&#8221;.vc_custom_1628468266257{margin-top: 50px !important;margin-bottom: 35px !important;}&#8221;][vc_column]<h1 class='heading-middle  style-1' ><span>Paketleme \u00c7\u00f6z\u00fcmleri<\/span><\/h1>[\/vc_column][\/vc_row][vc_row][vc_column width=&#8221;1\/2&#8243;][vc_single_image image=&#8221;985&#8243; img_size=&#8221;full&#8221;][\/vc_column][vc_column width=&#8221;1\/2&#8243;][vc_column_text css=&#8221;.vc_custom_1628506588193{margin-top: 100px !important;}&#8221;]<\/p>\n<div class=\"row mt-xl\">\n<div class=\"col-sm-8\">\n<h3><\/h3>\n<h3><\/h3>\n<h3><\/h3>\n<h3 class=\"font-weight-semibold mb-xs mt-xs\"><strong>Paketleme \u00c7\u00f6z\u00fcmleri<\/strong><\/h3>\n<p><a href=\"http:\/\/www.espack.com.tr\/?page_id=1076\"><strong>Devam\u0131n\u0131 Oku&#8230;<\/strong><\/a><\/p>\n<\/div>\n<\/div>\n<div class=\"row mt-xl\">\n<div class=\"col-xs-4\"><\/div>\n<\/div>\n<p>[\/vc_column_text][\/vc_column][\/vc_row]<\/p>","protected":false},"excerpt":{"rendered":"<p>[vc_row css=&#8221;.vc_custom_1628468266257{margin-top: 50px !important;margin-bottom: 35px !important;}&#8221;][vc_column][\/vc_column][\/vc_row][vc_row][vc_column width=&#8221;1\/2&#8243;][vc_single_image image=&#8221;985&#8243; img_size=&#8221;full&#8221;][\/vc_column][vc_column width=&#8221;1\/2&#8243;][vc_column_text css=&#8221;.vc_custom_1628506588193{margin-top: 100px !important;}&#8221;] Paketleme \u00c7\u00f6z\u00fcmleri Devam\u0131n\u0131 Oku&#8230; [\/vc_column_text][\/vc_column][\/vc_row]<\/p>\n","protected":false},"author":1,"featured_media":0,"parent":0,"menu_order":0,"comment_status":"closed","ping_status":"closed","template":"","meta":{"_joinchat":[],"footnotes":""},"class_list":["post-841","page","type-page","status-publish","hentry"],"_links":{"self":[{"href":"https:\/\/www.espack.com.tr\/index.php?rest_route=\/wp\/v2\/pages\/841","targetHints":{"allow":["GET"]}}],"collection":[{"href":"https:\/\/www.espack.com.tr\/index.php?rest_route=\/wp\/v2\/pages"}],"about":[{"href":"https:\/\/www.espack.com.tr\/index.php?rest_route=\/wp\/v2\/types\/page"}],"author":[{"embeddable":true,"href":"https:\/\/www.espack.com.tr\/index.php?rest_route=\/wp\/v2\/users\/1"}],"replies":[{"embeddable":true,"href":"https:\/\/www.espack.com.tr\/index.php?rest_route=%2Fwp%2Fv2%2Fcomments&post=841"}],"version-history":[{"count":6,"href":"https:\/\/www.espack.com.tr\/index.php?rest_route=\/wp\/v2\/pages\/841\/revisions"}],"predecessor-version":[{"id":1380,"href":"https:\/\/www.espack.com.tr\/index.php?rest_route=\/wp\/v2\/pages\/841\/revisions\/1380"}],"wp:attachment":[{"href":"https:\/\/www.espack.com.tr\/index.php?rest_route=%2Fwp%2Fv2%2Fmedia&parent=841"}],"curies":[{"name":"wp","href":"https:\/\/api.w.org\/{rel}","templated":true}]}}