{"id":837,"date":"2021-08-09T01:01:42","date_gmt":"2021-08-08T22:01:42","guid":{"rendered":"http:\/\/www.espack.com.tr\/?page_id=837"},"modified":"2022-06-06T22:31:28","modified_gmt":"2022-06-06T19:31:28","slug":"vakum-makinasi","status":"publish","type":"page","link":"https:\/\/www.espack.com.tr\/?page_id=837","title":{"rendered":"VAKUM MAK\u0130NALAR"},"content":{"rendered":"<p>[vc_row css=&#8221;.vc_custom_1628468266257{margin-top: 50px !important;margin-bottom: 35px !important;}&#8221;][vc_column]<h1 class='heading-middle  style-1' ><span>Vakum Makinas\u0131<\/span><\/h1>[\/vc_column][\/vc_row][vc_row][vc_column width=&#8221;1\/2&#8243;][vc_single_image image=&#8221;975&#8243; img_size=&#8221;full&#8221;][\/vc_column][vc_column width=&#8221;1\/2&#8243;][vc_column_text css=&#8221;.vc_custom_1628506388395{margin-top: 100px !important;}&#8221;]<\/p>\n<div class=\"row mt-xl\">\n<div class=\"col-sm-8\">\n<h3><\/h3>\n<h3><\/h3>\n<h3><\/h3>\n<h3 class=\"font-weight-semibold mb-xs mt-xs\"><strong>Kase Kapatma Makinas\u0131 KV-620<\/strong><\/h3>\n<p><a href=\"http:\/\/www.espack.com.tr\/?page_id=1040\"><strong>Devam\u0131n\u0131 Oku&#8230;<\/strong><\/a><\/p>\n<\/div>\n<\/div>\n<div class=\"row mt-xl\">\n<div class=\"col-xs-4\"><\/div>\n<\/div>\n<p>[\/vc_column_text][\/vc_column][\/vc_row][vc_row][vc_column width=&#8221;1\/2&#8243;][vc_single_image image=&#8221;976&#8243; img_size=&#8221;full&#8221;][\/vc_column][vc_column width=&#8221;1\/2&#8243;][vc_column_text css=&#8221;.vc_custom_1628506401354{margin-top: 100px !important;}&#8221;]<\/p>\n<div class=\"row mt-xl\">\n<div class=\"col-sm-8\">\n<h3><\/h3>\n<h3><\/h3>\n<h3><\/h3>\n<h3 class=\"font-weight-semibold mb-xs mt-xs\"><strong>Kase Kapatma Makinas\u0131 KV-600<\/strong><\/h3>\n<p><a href=\"http:\/\/www.espack.com.tr\/?page_id=1052\"><strong>Devam\u0131n\u0131 Oku&#8230;<\/strong><\/a><\/p>\n<\/div>\n<\/div>\n<div class=\"row mt-xl\">\n<div class=\"col-xs-4\"><\/div>\n<\/div>\n<p>[\/vc_column_text][\/vc_column][\/vc_row][vc_row][vc_column width=&#8221;1\/2&#8243;][vc_single_image image=&#8221;977&#8243; img_size=&#8221;full&#8221;][\/vc_column][vc_column width=&#8221;1\/2&#8243;][vc_column_text css=&#8221;.vc_custom_1628506410641{margin-top: 100px !important;}&#8221;]<\/p>\n<div class=\"row mt-xl\">\n<div class=\"col-sm-8\">\n<h3><\/h3>\n<h3><\/h3>\n<h3><\/h3>\n<h3 class=\"font-weight-semibold mb-xs mt-xs\"><strong>Kase Kapatma Makinas\u0131 KV-500<\/strong><\/h3>\n<p><a href=\"http:\/\/www.espack.com.tr\/?page_id=1055\"><strong>Devam\u0131n\u0131 Oku&#8230;<\/strong><\/a><\/p>\n<\/div>\n<\/div>\n<div class=\"row mt-xl\">\n<div class=\"col-xs-4\"><\/div>\n<\/div>\n<p>[\/vc_column_text][\/vc_column][\/vc_row][vc_row][vc_column width=&#8221;1\/2&#8243;][vc_single_image image=&#8221;978&#8243; img_size=&#8221;full&#8221;][\/vc_column][vc_column width=&#8221;1\/2&#8243;][vc_column_text css=&#8221;.vc_custom_1628506490338{margin-top: 100px !important;}&#8221;]<\/p>\n<div class=\"row mt-xl\">\n<div class=\"col-sm-8\">\n<h3><\/h3>\n<h3><\/h3>\n<h3><\/h3>\n<h3 class=\"font-weight-semibold mb-xs mt-xs\"><strong>Kase Kapatma Makinas\u0131 KV-650<\/strong><\/h3>\n<p><a href=\"http:\/\/www.espack.com.tr\/?page_id=1059\"><strong>Devam\u0131n\u0131 Oku&#8230;<\/strong><\/a><\/p>\n<\/div>\n<\/div>\n<div class=\"row mt-xl\">\n<div class=\"col-xs-4\"><\/div>\n<\/div>\n<p>[\/vc_column_text][\/vc_column][\/vc_row]<\/p>","protected":false},"excerpt":{"rendered":"<p>[vc_row css=&#8221;.vc_custom_1628468266257{margin-top: 50px !important;margin-bottom: 35px !important;}&#8221;][vc_column][\/vc_column][\/vc_row][vc_row][vc_column width=&#8221;1\/2&#8243;][vc_single_image image=&#8221;975&#8243; img_size=&#8221;full&#8221;][\/vc_column][vc_column width=&#8221;1\/2&#8243;][vc_column_text css=&#8221;.vc_custom_1628506388395{margin-top: 100px !important;}&#8221;] Kase Kapatma Makinas\u0131 KV-620 Devam\u0131n\u0131 Oku&#8230; [\/vc_column_text][\/vc_column][\/vc_row][vc_row][vc_column width=&#8221;1\/2&#8243;][vc_single_image image=&#8221;976&#8243; img_size=&#8221;full&#8221;][\/vc_column][vc_column width=&#8221;1\/2&#8243;][vc_column_text css=&#8221;.vc_custom_1628506401354{margin-top: 100px !important;}&#8221;] Kase Kapatma Makinas\u0131 KV-600 Devam\u0131n\u0131 Oku&#8230; [\/vc_column_text][\/vc_column][\/vc_row][vc_row][vc_column width=&#8221;1\/2&#8243;][vc_single_image image=&#8221;977&#8243; img_size=&#8221;full&#8221;][\/vc_column][vc_column width=&#8221;1\/2&#8243;][vc_column_text css=&#8221;.vc_custom_1628506410641{margin-top: 100px&#8230;<\/p>\n","protected":false},"author":1,"featured_media":0,"parent":0,"menu_order":0,"comment_status":"closed","ping_status":"closed","template":"","meta":{"_joinchat":[],"footnotes":""},"class_list":["post-837","page","type-page","status-publish","hentry"],"_links":{"self":[{"href":"https:\/\/www.espack.com.tr\/index.php?rest_route=\/wp\/v2\/pages\/837","targetHints":{"allow":["GET"]}}],"collection":[{"href":"https:\/\/www.espack.com.tr\/index.php?rest_route=\/wp\/v2\/pages"}],"about":[{"href":"https:\/\/www.espack.com.tr\/index.php?rest_route=\/wp\/v2\/types\/page"}],"author":[{"embeddable":true,"href":"https:\/\/www.espack.com.tr\/index.php?rest_route=\/wp\/v2\/users\/1"}],"replies":[{"embeddable":true,"href":"https:\/\/www.espack.com.tr\/index.php?rest_route=%2Fwp%2Fv2%2Fcomments&post=837"}],"version-history":[{"count":11,"href":"https:\/\/www.espack.com.tr\/index.php?rest_route=\/wp\/v2\/pages\/837\/revisions"}],"predecessor-version":[{"id":1671,"href":"https:\/\/www.espack.com.tr\/index.php?rest_route=\/wp\/v2\/pages\/837\/revisions\/1671"}],"wp:attachment":[{"href":"https:\/\/www.espack.com.tr\/index.php?rest_route=%2Fwp%2Fv2%2Fmedia&parent=837"}],"curies":[{"name":"wp","href":"https:\/\/api.w.org\/{rel}","templated":true}]}}