{"id":827,"date":"2021-08-09T00:59:39","date_gmt":"2021-08-08T21:59:39","guid":{"rendered":"http:\/\/www.espack.com.tr\/?page_id=827"},"modified":"2021-08-19T22:11:05","modified_gmt":"2021-08-19T19:11:05","slug":"grup-sirketleri","status":"publish","type":"page","link":"https:\/\/www.espack.com.tr\/?page_id=827","title":{"rendered":"Fiyat Teklifi"},"content":{"rendered":"<p>[vc_row full_width=&#8221;stretch_row&#8221; css=&#8221;.vc_custom_1628467601444{margin-top: 50px !important;}&#8221;][vc_column width=&#8221;1\/2&#8243;]<h1 class='heading-middle  style-1' ><span>Thermoform Paketleme Makinas\u0131<\/span><\/h1>[vc_empty_space][vc_column_text]<div class=\"wpforms-container wpforms-container-full\" id=\"wpforms-1130\"><form id=\"wpforms-form-1130\" class=\"wpforms-validate wpforms-form\" data-formid=\"1130\" method=\"post\" enctype=\"multipart\/form-data\" action=\"\/index.php?rest_route=%2Fwp%2Fv2%2Fpages%2F827\" data-token=\"8875e1fd82e3e2410d4e17ea3613f048\" data-token-time=\"1776279158\"><noscript class=\"wpforms-error-noscript\">Bu formu bitirebilmek i\u00e7in taray\u0131c\u0131n\u0131zda JavaScript&#039;i etkinle\u015ftirin.<\/noscript><div class=\"wpforms-field-container\"><div id=\"wpforms-1130-field_6-container\" class=\"wpforms-field wpforms-field-text\" data-field-id=\"6\"><label class=\"wpforms-field-label\" for=\"wpforms-1130-field_6\">\u0130sim - Soyisim <span class=\"wpforms-required-label\">*<\/span><\/label><input type=\"text\" id=\"wpforms-1130-field_6\" class=\"wpforms-field-medium wpforms-field-required\" name=\"wpforms[fields][6]\" required><\/div><div id=\"wpforms-1130-field_7-container\" class=\"wpforms-field wpforms-field-email\" data-field-id=\"7\"><label class=\"wpforms-field-label\" for=\"wpforms-1130-field_7\">Email <span class=\"wpforms-required-label\">*<\/span><\/label><input type=\"email\" id=\"wpforms-1130-field_7\" class=\"wpforms-field-medium wpforms-field-required\" name=\"wpforms[fields][7]\" spellcheck=\"false\" required><\/div><div id=\"wpforms-1130-field_1-container\" class=\"wpforms-field wpforms-field-text\" data-field-id=\"1\"><label class=\"wpforms-field-label\" for=\"wpforms-1130-field_1\">\u00dcr\u00fcn<\/label><input type=\"text\" id=\"wpforms-1130-field_1\" class=\"wpforms-field-medium\" name=\"wpforms[fields][1]\" ><\/div><div id=\"wpforms-1130-field_2-container\" class=\"wpforms-field wpforms-field-text\" data-field-id=\"2\"><label class=\"wpforms-field-label\" for=\"wpforms-1130-field_2\"> \u0130stenen A\u011f\u0131rl\u0131k<\/label><input type=\"text\" id=\"wpforms-1130-field_2\" class=\"wpforms-field-medium\" name=\"wpforms[fields][2]\" ><\/div><div id=\"wpforms-1130-field_3-container\" class=\"wpforms-field wpforms-field-text\" data-field-id=\"3\"><label class=\"wpforms-field-label\" for=\"wpforms-1130-field_3\"> \u0130stenen Kapasite<\/label><input type=\"text\" id=\"wpforms-1130-field_3\" class=\"wpforms-field-medium\" name=\"wpforms[fields][3]\" ><div class=\"wpforms-field-description\">\u2026\u2026\u2026\u2026\u2026\u2026adet\/saat veya \u2026\u2026\u2026\u2026\u2026\u2026\u2026.adet\/g\u00fcn\t\r\n<\/div><\/div><div id=\"wpforms-1130-field_4-container\" class=\"wpforms-field wpforms-field-checkbox\" data-field-id=\"4\"><label class=\"wpforms-field-label\">Vacuum<\/label><ul id=\"wpforms-1130-field_4\"><li class=\"choice-1 depth-1\"><input type=\"checkbox\" id=\"wpforms-1130-field_4_1\" name=\"wpforms[fields][4][]\" value=\"Evet\"  ><label class=\"wpforms-field-label-inline\" for=\"wpforms-1130-field_4_1\">Evet<\/label><\/li><li class=\"choice-2 depth-1\"><input type=\"checkbox\" id=\"wpforms-1130-field_4_2\" name=\"wpforms[fields][4][]\" value=\"Hay\u0131r\"  ><label class=\"wpforms-field-label-inline\" for=\"wpforms-1130-field_4_2\">Hay\u0131r<\/label><\/li><\/ul><\/div><div id=\"wpforms-1130-field_5-container\" class=\"wpforms-field wpforms-field-checkbox\" data-field-id=\"5\"><label class=\"wpforms-field-label\">Gaz<\/label><ul id=\"wpforms-1130-field_5\"><li class=\"choice-1 depth-1\"><input type=\"checkbox\" id=\"wpforms-1130-field_5_1\" name=\"wpforms[fields][5][]\" value=\"Evet\"  ><label class=\"wpforms-field-label-inline\" for=\"wpforms-1130-field_5_1\">Evet<\/label><\/li><li class=\"choice-2 depth-1\"><input type=\"checkbox\" id=\"wpforms-1130-field_5_2\" name=\"wpforms[fields][5][]\" value=\"Hay\u0131r\"  ><label class=\"wpforms-field-label-inline\" for=\"wpforms-1130-field_5_2\">Hay\u0131r<\/label><\/li><\/ul><\/div><\/div><!-- .wpforms-field-container --><div class=\"wpforms-submit-container\" ><input type=\"hidden\" name=\"wpforms[id]\" value=\"1130\"><input type=\"hidden\" name=\"page_title\" value=\"\"><input type=\"hidden\" name=\"page_url\" value=\"https:\/\/www.espack.com.tr\/index.php?rest_route=\/wp\/v2\/pages\/827\"><input type=\"hidden\" name=\"url_referer\" value=\"\"><button type=\"submit\" name=\"wpforms[submit]\" id=\"wpforms-submit-1130\" class=\"wpforms-submit\" data-alt-text=\"G\u00f6nderiliyor...\" data-submit-text=\"G\u00f6nder\" aria-live=\"assertive\" value=\"wpforms-submit\">G\u00f6nder<\/button><\/div><\/form><\/div>  <!-- .wpforms-container -->[\/vc_column_text][\/vc_column][vc_column width=&#8221;1\/2&#8243;]<h1 class='heading-middle  style-1' ><span>Vakum Makinas\u0131<\/span><\/h1>[vc_empty_space][vc_column_text]<div class=\"wpforms-container wpforms-container-full\" id=\"wpforms-1132\"><form id=\"wpforms-form-1132\" class=\"wpforms-validate wpforms-form\" data-formid=\"1132\" method=\"post\" enctype=\"multipart\/form-data\" action=\"\/index.php?rest_route=%2Fwp%2Fv2%2Fpages%2F827\" data-token=\"61d939fc5f2e53f5acd266b8b04cc118\" data-token-time=\"1776279158\"><noscript class=\"wpforms-error-noscript\">Bu formu bitirebilmek i\u00e7in taray\u0131c\u0131n\u0131zda JavaScript&#039;i etkinle\u015ftirin.<\/noscript><div class=\"wpforms-field-container\"><div id=\"wpforms-1132-field_5-container\" class=\"wpforms-field wpforms-field-text\" data-field-id=\"5\"><label class=\"wpforms-field-label\" for=\"wpforms-1132-field_5\">\u0130sim - Soyisim <span class=\"wpforms-required-label\">*<\/span><\/label><input type=\"text\" id=\"wpforms-1132-field_5\" class=\"wpforms-field-medium wpforms-field-required\" name=\"wpforms[fields][5]\" required><\/div><div id=\"wpforms-1132-field_6-container\" class=\"wpforms-field wpforms-field-email\" data-field-id=\"6\"><label class=\"wpforms-field-label\" for=\"wpforms-1132-field_6\">Email <span class=\"wpforms-required-label\">*<\/span><\/label><input type=\"email\" id=\"wpforms-1132-field_6\" class=\"wpforms-field-medium wpforms-field-required\" name=\"wpforms[fields][6]\" spellcheck=\"false\" required><\/div><div id=\"wpforms-1132-field_1-container\" class=\"wpforms-field wpforms-field-text\" data-field-id=\"1\"><label class=\"wpforms-field-label\" for=\"wpforms-1132-field_1\">\u00dcr\u00fcn Ad\u0131<\/label><input type=\"text\" id=\"wpforms-1132-field_1\" class=\"wpforms-field-medium\" name=\"wpforms[fields][1]\" ><\/div><div id=\"wpforms-1132-field_2-container\" class=\"wpforms-field wpforms-field-text\" data-field-id=\"2\"><label class=\"wpforms-field-label\" for=\"wpforms-1132-field_2\">Paket boyutlar\u0131<\/label><input type=\"text\" id=\"wpforms-1132-field_2\" class=\"wpforms-field-medium\" name=\"wpforms[fields][2]\" ><div class=\"wpforms-field-description\">Uzunluk , Geni\u015flik , Y\u00fckselik\r\n\r\n<\/div><\/div><div id=\"wpforms-1132-field_3-container\" class=\"wpforms-field wpforms-field-checkbox\" data-field-id=\"3\"><label class=\"wpforms-field-label\">Vakum<\/label><ul id=\"wpforms-1132-field_3\"><li class=\"choice-1 depth-1\"><input type=\"checkbox\" id=\"wpforms-1132-field_3_1\" name=\"wpforms[fields][3][]\" value=\"Evet\"  ><label class=\"wpforms-field-label-inline\" for=\"wpforms-1132-field_3_1\">Evet<\/label><\/li><li class=\"choice-2 depth-1\"><input type=\"checkbox\" id=\"wpforms-1132-field_3_2\" name=\"wpforms[fields][3][]\" value=\"Hay\u0131r\"  ><label class=\"wpforms-field-label-inline\" for=\"wpforms-1132-field_3_2\">Hay\u0131r<\/label><\/li><\/ul><\/div><div id=\"wpforms-1132-field_4-container\" class=\"wpforms-field wpforms-field-checkbox\" data-field-id=\"4\"><label class=\"wpforms-field-label\">Gaz<\/label><ul id=\"wpforms-1132-field_4\"><li class=\"choice-1 depth-1\"><input type=\"checkbox\" id=\"wpforms-1132-field_4_1\" name=\"wpforms[fields][4][]\" value=\"Evet\"  ><label class=\"wpforms-field-label-inline\" for=\"wpforms-1132-field_4_1\">Evet<\/label><\/li><li class=\"choice-2 depth-1\"><input type=\"checkbox\" id=\"wpforms-1132-field_4_2\" name=\"wpforms[fields][4][]\" value=\"Hay\u0131r\"  ><label class=\"wpforms-field-label-inline\" for=\"wpforms-1132-field_4_2\">Hay\u0131r<\/label><\/li><\/ul><\/div><\/div><!-- .wpforms-field-container --><div class=\"wpforms-submit-container\" ><input type=\"hidden\" name=\"wpforms[id]\" value=\"1132\"><input type=\"hidden\" name=\"page_title\" value=\"\"><input type=\"hidden\" name=\"page_url\" value=\"https:\/\/www.espack.com.tr\/index.php?rest_route=\/wp\/v2\/pages\/827\"><input type=\"hidden\" name=\"url_referer\" value=\"\"><button type=\"submit\" name=\"wpforms[submit]\" id=\"wpforms-submit-1132\" class=\"wpforms-submit\" data-alt-text=\"G\u00f6nderiliyor...\" data-submit-text=\"G\u00f6nder\" aria-live=\"assertive\" value=\"wpforms-submit\">G\u00f6nder<\/button><\/div><\/form><\/div>  <!-- .wpforms-container -->[\/vc_column_text][\/vc_column][\/vc_row][vc_row full_width=&#8221;stretch_row&#8221; css=&#8221;.vc_custom_1628467601444{margin-top: 50px !important;}&#8221;][vc_column width=&#8221;1\/2&#8243;]<h1 class='heading-middle  style-1' ><span>Koli A\u00e7ma \/ Kapama<\/span><\/h1>[vc_empty_space][vc_column_text]<div class=\"wpforms-container wpforms-container-full\" id=\"wpforms-1134\"><form id=\"wpforms-form-1134\" class=\"wpforms-validate wpforms-form\" data-formid=\"1134\" method=\"post\" enctype=\"multipart\/form-data\" action=\"\/index.php?rest_route=%2Fwp%2Fv2%2Fpages%2F827\" data-token=\"413fe01ca4decb38739603fddf9841eb\" data-token-time=\"1776279158\"><noscript class=\"wpforms-error-noscript\">Bu formu bitirebilmek i\u00e7in taray\u0131c\u0131n\u0131zda JavaScript&#039;i etkinle\u015ftirin.<\/noscript><div class=\"wpforms-field-container\"><div id=\"wpforms-1134-field_3-container\" class=\"wpforms-field wpforms-field-text\" data-field-id=\"3\"><label class=\"wpforms-field-label\" for=\"wpforms-1134-field_3\">\u0130sim - Soyisim <span class=\"wpforms-required-label\">*<\/span><\/label><input type=\"text\" id=\"wpforms-1134-field_3\" class=\"wpforms-field-medium wpforms-field-required\" name=\"wpforms[fields][3]\" required><\/div><div id=\"wpforms-1134-field_4-container\" class=\"wpforms-field wpforms-field-email\" data-field-id=\"4\"><label class=\"wpforms-field-label\" for=\"wpforms-1134-field_4\">Email <span class=\"wpforms-required-label\">*<\/span><\/label><input type=\"email\" id=\"wpforms-1134-field_4\" class=\"wpforms-field-medium wpforms-field-required\" name=\"wpforms[fields][4]\" spellcheck=\"false\" required><\/div><div id=\"wpforms-1134-field_1-container\" class=\"wpforms-field wpforms-field-text\" data-field-id=\"1\"><label class=\"wpforms-field-label\" for=\"wpforms-1134-field_1\">Karton Boyutlar\u0131<\/label><input type=\"text\" id=\"wpforms-1134-field_1\" class=\"wpforms-field-medium\" name=\"wpforms[fields][1]\" ><div class=\"wpforms-field-description\">Uzunluk , Geni\u015flik , Y\u00fckselik<\/div><\/div><div id=\"wpforms-1134-field_2-container\" class=\"wpforms-field wpforms-field-text\" data-field-id=\"2\"><label class=\"wpforms-field-label\" for=\"wpforms-1134-field_2\"> \u0130stenen Kapasite<\/label><input type=\"text\" id=\"wpforms-1134-field_2\" class=\"wpforms-field-medium\" name=\"wpforms[fields][2]\" ><div class=\"wpforms-field-description\">\u2026\u2026\u2026\u2026\u2026\u2026\u2026..adet\/saat ba\u015f\u0131\t\r\n<\/div><\/div><\/div><!-- .wpforms-field-container --><div class=\"wpforms-submit-container\" ><input type=\"hidden\" name=\"wpforms[id]\" value=\"1134\"><input type=\"hidden\" name=\"page_title\" value=\"\"><input type=\"hidden\" name=\"page_url\" value=\"https:\/\/www.espack.com.tr\/index.php?rest_route=\/wp\/v2\/pages\/827\"><input type=\"hidden\" name=\"url_referer\" value=\"\"><button type=\"submit\" name=\"wpforms[submit]\" id=\"wpforms-submit-1134\" class=\"wpforms-submit\" data-alt-text=\"G\u00f6nderiliyor...\" data-submit-text=\"G\u00f6nder\" aria-live=\"assertive\" value=\"wpforms-submit\">G\u00f6nder<\/button><\/div><\/form><\/div>  <!-- .wpforms-container -->[\/vc_column_text][\/vc_column][vc_column width=&#8221;1\/2&#8243;]<h1 class='heading-middle  style-1' ><span>Paketleme Robotu<\/span><\/h1>[vc_empty_space][vc_column_text]<div class=\"wpforms-container wpforms-container-full\" id=\"wpforms-1138\"><form id=\"wpforms-form-1138\" class=\"wpforms-validate wpforms-form\" data-formid=\"1138\" method=\"post\" enctype=\"multipart\/form-data\" action=\"\/index.php?rest_route=%2Fwp%2Fv2%2Fpages%2F827\" data-token=\"c96bf8d12e4028479914138af3d62e3e\" data-token-time=\"1776279158\"><noscript class=\"wpforms-error-noscript\">Bu formu bitirebilmek i\u00e7in taray\u0131c\u0131n\u0131zda JavaScript&#039;i etkinle\u015ftirin.<\/noscript><div class=\"wpforms-field-container\"><div id=\"wpforms-1138-field_6-container\" class=\"wpforms-field wpforms-field-text\" data-field-id=\"6\"><label class=\"wpforms-field-label\" for=\"wpforms-1138-field_6\">\u0130sim - Soyisim <span class=\"wpforms-required-label\">*<\/span><\/label><input type=\"text\" id=\"wpforms-1138-field_6\" class=\"wpforms-field-medium wpforms-field-required\" name=\"wpforms[fields][6]\" required><\/div><div id=\"wpforms-1138-field_7-container\" class=\"wpforms-field wpforms-field-email\" data-field-id=\"7\"><label class=\"wpforms-field-label\" for=\"wpforms-1138-field_7\">Email <span class=\"wpforms-required-label\">*<\/span><\/label><input type=\"email\" id=\"wpforms-1138-field_7\" class=\"wpforms-field-medium wpforms-field-required\" name=\"wpforms[fields][7]\" spellcheck=\"false\" required><\/div><div id=\"wpforms-1138-field_1-container\" class=\"wpforms-field wpforms-field-text\" data-field-id=\"1\"><label class=\"wpforms-field-label\" for=\"wpforms-1138-field_1\">\u00dcr\u00fcn<\/label><input type=\"text\" id=\"wpforms-1138-field_1\" class=\"wpforms-field-medium\" name=\"wpforms[fields][1]\" ><\/div><div id=\"wpforms-1138-field_2-container\" class=\"wpforms-field wpforms-field-text\" data-field-id=\"2\"><label class=\"wpforms-field-label\" for=\"wpforms-1138-field_2\"> \u00dcr\u00fcn bo\u015flu\u011fu<\/label><input type=\"text\" id=\"wpforms-1138-field_2\" class=\"wpforms-field-medium\" name=\"wpforms[fields][2]\" ><\/div><div id=\"wpforms-1138-field_3-container\" class=\"wpforms-field wpforms-field-text\" data-field-id=\"3\"><label class=\"wpforms-field-label\" for=\"wpforms-1138-field_3\"> \u00dcr\u00fcn Boyutlar\u0131<\/label><input type=\"text\" id=\"wpforms-1138-field_3\" class=\"wpforms-field-medium\" name=\"wpforms[fields][3]\" ><\/div><div id=\"wpforms-1138-field_4-container\" class=\"wpforms-field wpforms-field-text\" data-field-id=\"4\"><label class=\"wpforms-field-label\" for=\"wpforms-1138-field_4\">\u0130stenen Kapasite<\/label><input type=\"text\" id=\"wpforms-1138-field_4\" class=\"wpforms-field-medium\" name=\"wpforms[fields][4]\" ><div class=\"wpforms-field-description\">\u2026\u2026\u2026\u2026\u2026\u2026\u2026..adet\/saat ba\u015f\u0131<\/div><\/div><div id=\"wpforms-1138-field_5-container\" class=\"wpforms-field wpforms-field-text\" data-field-id=\"5\"><label class=\"wpforms-field-label\" for=\"wpforms-1138-field_5\">Kal\u0131p Say\u0131s\u0131<\/label><input type=\"text\" id=\"wpforms-1138-field_5\" class=\"wpforms-field-medium\" name=\"wpforms[fields][5]\" ><\/div><\/div><!-- .wpforms-field-container --><div class=\"wpforms-submit-container\" ><input type=\"hidden\" name=\"wpforms[id]\" value=\"1138\"><input type=\"hidden\" name=\"page_title\" value=\"\"><input type=\"hidden\" name=\"page_url\" value=\"https:\/\/www.espack.com.tr\/index.php?rest_route=\/wp\/v2\/pages\/827\"><input type=\"hidden\" name=\"url_referer\" value=\"\"><button type=\"submit\" name=\"wpforms[submit]\" id=\"wpforms-submit-1138\" class=\"wpforms-submit\" data-alt-text=\"G\u00f6nderiliyor...\" data-submit-text=\"G\u00f6nder\" aria-live=\"assertive\" value=\"wpforms-submit\">G\u00f6nder<\/button><\/div><\/form><\/div>  <!-- .wpforms-container -->[\/vc_column_text][\/vc_column][\/vc_row]<\/p>","protected":false},"excerpt":{"rendered":"<p>[vc_row full_width=&#8221;stretch_row&#8221; css=&#8221;.vc_custom_1628467601444{margin-top: 50px !important;}&#8221;][vc_column width=&#8221;1\/2&#8243;][vc_empty_space][vc_column_text][\/vc_column_text][\/vc_column][vc_column width=&#8221;1\/2&#8243;][vc_empty_space][vc_column_text][\/vc_column_text][\/vc_column][\/vc_row][vc_row full_width=&#8221;stretch_row&#8221; css=&#8221;.vc_custom_1628467601444{margin-top: 50px !important;}&#8221;][vc_column width=&#8221;1\/2&#8243;][vc_empty_space][vc_column_text][\/vc_column_text][\/vc_column][vc_column width=&#8221;1\/2&#8243;][vc_empty_space][vc_column_text][\/vc_column_text][\/vc_column][\/vc_row]<\/p>\n","protected":false},"author":1,"featured_media":0,"parent":0,"menu_order":0,"comment_status":"closed","ping_status":"closed","template":"","meta":{"_joinchat":[],"footnotes":""},"class_list":["post-827","page","type-page","status-publish","hentry"],"_links":{"self":[{"href":"https:\/\/www.espack.com.tr\/index.php?rest_route=\/wp\/v2\/pages\/827","targetHints":{"allow":["GET"]}}],"collection":[{"href":"https:\/\/www.espack.com.tr\/index.php?rest_route=\/wp\/v2\/pages"}],"about":[{"href":"https:\/\/www.espack.com.tr\/index.php?rest_route=\/wp\/v2\/types\/page"}],"author":[{"embeddable":true,"href":"https:\/\/www.espack.com.tr\/index.php?rest_route=\/wp\/v2\/users\/1"}],"replies":[{"embeddable":true,"href":"https:\/\/www.espack.com.tr\/index.php?rest_route=%2Fwp%2Fv2%2Fcomments&post=827"}],"version-history":[{"count":17,"href":"https:\/\/www.espack.com.tr\/index.php?rest_route=\/wp\/v2\/pages\/827\/revisions"}],"predecessor-version":[{"id":1238,"href":"https:\/\/www.espack.com.tr\/index.php?rest_route=\/wp\/v2\/pages\/827\/revisions\/1238"}],"wp:attachment":[{"href":"https:\/\/www.espack.com.tr\/index.php?rest_route=%2Fwp%2Fv2%2Fmedia&parent=827"}],"curies":[{"name":"wp","href":"https:\/\/api.w.org\/{rel}","templated":true}]}}