{"id":5,"date":"2014-11-11T11:09:47","date_gmt":"2014-11-11T11:09:47","guid":{"rendered":"http:\/\/anpsthemes.com\/constructo\/?page_id=5"},"modified":"2022-05-29T17:14:44","modified_gmt":"2022-05-29T14:14:44","slug":"home","status":"publish","type":"page","link":"https:\/\/www.espack.com.tr\/","title":{"rendered":"Home"},"content":{"rendered":"<p>[vc_row has_content=&#8221;true&#8221;][vc_column][rev_slider_vc alias=&#8221;main-slider&#8221;][\/vc_column][\/vc_row][vc_row full_width=&#8221;stretch_row&#8221; video_bg=&#8221;yes&#8221; video_bg_url=&#8221;https:\/\/www.youtube.com\/watch?v=02uGbq-C_wo&amp;list=PLdGJJ6BBahVodCt3Cet2bDmDSiRVJoE5G&amp;index=3&#8243; css=&#8221;.vc_custom_1628466019166{margin-bottom: 50px !important;padding-top: 35px !important;padding-bottom: 35px !important;background-color: #0a0a0a !important;background-position: center !important;background-repeat: no-repeat !important;background-size: cover !important;}&#8221; has_content=&#8221;inside&#8221;][vc_column][vc_column_text css=&#8221;.vc_custom_1653833300730{margin-top: -10px !important;}&#8221;]<\/p>\n<h3 style=\"text-align: center;\"><a href=\"http:\/\/www.espack.com.tr\/wp-content\/uploads\/2021\/08\/espack2020.pdf\"><span style=\"color: #ffffff;\">\u00dcr\u00fcn Katalo\u011funu \u0130ndirmek \u0130\u00e7in T\u0131klay\u0131n<\/span><\/a><\/h3>\n<p>[\/vc_column_text][\/vc_column][\/vc_row][vc_row][vc_column]<h1 class='heading-middle  style-1' ><span>\u00dcR\u00dcNLER\u0130M\u0130Z<\/span><\/h1>[\/vc_column][\/vc_row][vc_row css=&#8221;.vc_custom_1628463771786{margin-bottom: 25px !important;}&#8221;][vc_column width=&#8221;1\/2&#8243;]<h3 class='heading-middle  divider-modern' ><span>Termoform Paketleme Makinas\u0131<\/span><\/h3>[vc_single_image image=&#8221;899&#8243; img_size=&#8221;full&#8221; alignment=&#8221;center&#8221; style=&#8221;vc_box_outline&#8221; border_color=&#8221;juicy_pink&#8221; onclick=&#8221;custom_link&#8221; link=&#8221;http:\/\/www.espack.com.tr\/?page_id=835&#8243;][\/vc_column][vc_column width=&#8221;1\/2&#8243;]<h3 class='heading-middle  divider-modern' ><span>Vakum Makinas\u0131<\/span><\/h3>[vc_single_image image=&#8221;900&#8243; img_size=&#8221;full&#8221; alignment=&#8221;center&#8221; style=&#8221;vc_box_outline&#8221; border_color=&#8221;juicy_pink&#8221; onclick=&#8221;custom_link&#8221; link=&#8221;http:\/\/www.espack.com.tr\/?page_id=837&#8243;][\/vc_column][\/vc_row][vc_row][vc_column width=&#8221;1\/2&#8243;]<h3 class='heading-middle  divider-modern' ><span>Haz\u0131r Kap Kapatma Makinas\u0131<\/span><\/h3>[vc_single_image image=&#8221;901&#8243; img_size=&#8221;full&#8221; alignment=&#8221;center&#8221; style=&#8221;vc_box_outline&#8221; border_color=&#8221;juicy_pink&#8221; onclick=&#8221;custom_link&#8221; link=&#8221;http:\/\/www.espack.com.tr\/?page_id=839&#8243;][\/vc_column][vc_column width=&#8221;1\/2&#8243;]<h3 class='heading-middle  divider-modern' ><span>Koli A\u00e7ma- Kapama Kutu Dolum Robotu<\/span><\/h3>[vc_single_image image=&#8221;1144&#8243; img_size=&#8221;full&#8221; alignment=&#8221;center&#8221; style=&#8221;vc_box_outline&#8221; border_color=&#8221;juicy_pink&#8221; onclick=&#8221;custom_link&#8221; link=&#8221;http:\/\/www.espack.com.tr\/?page_id=841&#8243;][\/vc_column][\/vc_row][vc_row full_width=&#8221;stretch_row_content_no_spaces&#8221; css=&#8221;.vc_custom_1628461263125{margin-top: 35px !important;}&#8221;][vc_column width=&#8221;1\/2&#8243;]<h3 class='heading-middle  divider-modern' ><span>Dolum ve Kapama Makinas\u0131<\/span><\/h3>[\/vc_column][vc_column width=&#8221;1\/2&#8243;]<h3 class='heading-middle  divider-modern' ><span>Terazi<\/span><\/h3>[\/vc_column][\/vc_row][vc_row css=&#8221;.vc_custom_1628463584644{margin-top: 50px !important;margin-bottom: 50px !important;}&#8221;][vc_column width=&#8221;1\/2&#8243;][vc_single_image image=&#8221;906&#8243; img_size=&#8221;full&#8221; alignment=&#8221;center&#8221;][\/vc_column][vc_column width=&#8221;1\/2&#8243;]<h1 class='heading-middle  divider-modern' ><span>Biz Kimiz ?<\/span><\/h1>[vc_empty_space][vc_column_text]ESPACK MAK\u0130NA, Maksivak markas\u0131 alt\u0131nda \u00fcretti\u011fimiz\u00a0 Tam otomatik termoform ve haz\u0131r kap makinalar\u0131n\u0131n yurti\u00e7i ve yurtd\u0131\u015f\u0131 sat\u0131\u015f faaliyetleri ger\u00e7ekle\u015ftirmek \u00fczere 2018 \u2018e kurulmu\u015ftur.<\/p>\n<p>Bardak su,ka\u015far,yo\u011furt,hurma,zeytin vb. \u00fcr\u00fcnlerin paketlenmesinde kullan\u0131lan\u00a0 gazl\u0131,vakumlu,zincirli ve zincirsiz Termoform paketleme ve vakum makinelerini CAD\/CAM teknolijisini kullanarak kendi tesislerimizde ve kendi CNC tezgahlar\u0131m\u0131zda i\u015fleyerek siz de\u011ferli m\u00fc\u015fterilerimizn hizmetine sunmaktay\u0131z.\u00a0\u00a0 \u00a0 \u00a0G\u00fcn\u00fcm\u00fcz \u015fartlar\u0131nda s\u00fcrekli de\u011fi\u015fen ve geli\u015fen teknolojiyi yak\u0131ndan takip ederek kendi b\u00fcnyemize katmak\u00a0 ve \u015eirket kalite prensiplerimizden \u00f6d\u00fcn vermeden m\u00fc\u015fterilerimize rekabet avantaj\u0131 ve yenilik sa\u011flamaya devam etmek amac\u0131nday\u0131z.[\/vc_column_text][\/vc_column][\/vc_row][vc_row css=&#8221;.vc_custom_1628505406791{margin-top: 75px !important;margin-bottom: 75px !important;}&#8221;][vc_column width=&#8221;1\/4&#8243;][vc_single_image image=&#8221;1102&#8243; img_size=&#8221;full&#8221; alignment=&#8221;center&#8221; css_animation=&#8221;slideInLeft&#8221;]<h2 class='heading-middle  style-1' ><span>G\u00dcVEN\u0130L\u0130RL\u0130K<\/span><\/h2>[vc_column_text]<\/p>\n<p style=\"text-align: center;\">M\u00fc\u015fterilerimizin her a\u015famada her durumda bize kar\u015f\u0131 duydu\u011fu g\u00fcven en b\u00fcy\u00fck kazanc\u0131m\u0131zd\u0131r.<\/p>\n<p>[\/vc_column_text][\/vc_column][vc_column width=&#8221;1\/4&#8243;][vc_single_image image=&#8221;1103&#8243; img_size=&#8221;full&#8221; alignment=&#8221;center&#8221; css_animation=&#8221;slideInDown&#8221;]<h2 class='heading-middle  style-1' ><span>SERV\u0130S A\u011eI<\/span><\/h2>[vc_column_text]<\/p>\n<p style=\"text-align: center;\">D\u00fcnyan\u0131n bir \u00e7ok noktas\u0131nda uzman kadromuzla sizlerin yan\u0131nday\u0131z.<\/p>\n<p>[\/vc_column_text][\/vc_column][vc_column width=&#8221;1\/4&#8243;][vc_single_image image=&#8221;1104&#8243; img_size=&#8221;full&#8221; alignment=&#8221;center&#8221; css_animation=&#8221;slideInDown&#8221;]<h2 class='heading-middle  style-1' ><span>M\u00dc\u015eTER\u0130 MEMNUN\u0130YET\u0130<\/span><\/h2>[vc_column_text]<\/p>\n<p style=\"text-align: center;\">M\u00fc\u015fterilerimizin ihtiya\u00e7lar\u0131n\u0131 anlamak ve bu s\u00fcre\u00e7te en uygun hizmeti vermek temel amac\u0131m\u0131zd\u0131r.<\/p>\n<p>[\/vc_column_text][\/vc_column][vc_column width=&#8221;1\/4&#8243;][vc_single_image image=&#8221;1161&#8243; img_size=&#8221;full&#8221; alignment=&#8221;center&#8221; css_animation=&#8221;slideInRight&#8221;]<h2 class='heading-middle  style-1' ><span>YOUTUBE KANALIMIZ<\/span><\/h2>[vc_column_text]<\/p>\n<p style=\"text-align: center;\"><a href=\"https:\/\/www.youtube.com\/channel\/UCNIcLpXW8mQh2tOBv6g5Bhw\"><strong>ESPACK PACKAGING MACHINERY<\/strong><\/a><\/p>\n<p>[\/vc_column_text][\/vc_column][\/vc_row][vc_row full_width=&#8221;stretch_row&#8221; video_bg=&#8221;yes&#8221; video_bg_url=&#8221;https:\/\/www.youtube.com\/watch?v=HZzLkTgMCSE&amp;t=2s&#8221; css=&#8221;.vc_custom_1628462048198{margin-top: 20px !important;margin-bottom: 20px !important;padding-top: 35px !important;padding-bottom: 35px !important;}&#8221;][vc_column]<h1 class='heading-middle  divider-modern'  style='color: #ffffff'><span>\u0130LET\u0130\u015e\u0130M FORMU<\/span><\/h1>[vc_empty_space]\n<div class=\"wpcf7 no-js\" id=\"wpcf7-f452-o1\" lang=\"en-US\" dir=\"ltr\">\n<div class=\"screen-reader-response\"><p role=\"status\" aria-live=\"polite\" aria-atomic=\"true\"><\/p> <ul><\/ul><\/div>\n<form action=\"\/index.php?rest_route=%2Fwp%2Fv2%2Fpages%2F5#wpcf7-f452-o1\" method=\"post\" class=\"wpcf7-form init\" aria-label=\"Contact form\" novalidate=\"novalidate\" data-status=\"init\">\n<div style=\"display: none;\">\n<input type=\"hidden\" name=\"_wpcf7\" value=\"452\" \/>\n<input type=\"hidden\" name=\"_wpcf7_version\" value=\"5.9.8\" \/>\n<input type=\"hidden\" name=\"_wpcf7_locale\" value=\"en_US\" \/>\n<input type=\"hidden\" name=\"_wpcf7_unit_tag\" value=\"wpcf7-f452-o1\" \/>\n<input type=\"hidden\" name=\"_wpcf7_container_post\" value=\"0\" \/>\n<input type=\"hidden\" name=\"_wpcf7_posted_data_hash\" value=\"\" \/>\n<\/div>\n<div class=\"col-sm-5 noleftpadding\">\n\t<p><span class=\"wpcf7-form-control-wrap\" data-name=\"your-name\"><input size=\"40\" maxlength=\"400\" class=\"wpcf7-form-control wpcf7-text wpcf7-validates-as-required\" aria-required=\"true\" aria-invalid=\"false\" placeholder=\"Name*\" value=\"\" type=\"text\" name=\"your-name\" \/><\/span>\n\t<\/p>\n\t<p><span class=\"wpcf7-form-control-wrap\" data-name=\"your-subject\"><input size=\"40\" maxlength=\"400\" class=\"wpcf7-form-control wpcf7-text\" aria-invalid=\"false\" placeholder=\"Subject*\" value=\"\" type=\"text\" name=\"your-subject\" \/><\/span>\n\t<\/p>\n\t<p><span class=\"wpcf7-form-control-wrap\" data-name=\"your-email\"><input size=\"40\" maxlength=\"400\" class=\"wpcf7-form-control wpcf7-email wpcf7-validates-as-required wpcf7-text wpcf7-validates-as-email\" aria-required=\"true\" aria-invalid=\"false\" placeholder=\"Email*\" value=\"\" type=\"email\" name=\"your-email\" \/><\/span>\n\t<\/p>\n<\/div>\n<div class=\"col-sm-7 norightpadding\">\n\t<p><span class=\"wpcf7-form-control-wrap\" data-name=\"your-message\"><textarea cols=\"25\" rows=\"3\" maxlength=\"2000\" class=\"wpcf7-form-control wpcf7-textarea\" aria-invalid=\"false\" placeholder=\"Message*\" name=\"your-message\"><\/textarea><\/span>\n\t<\/p>\n\t<p><input class=\"wpcf7-form-control wpcf7-submit has-spinner\" type=\"submit\" value=\"SEND MESSAGE\" \/>\n\t<\/p>\n<\/div><div class=\"wpcf7-response-output\" aria-hidden=\"true\"><\/div>\n<\/form>\n<\/div>\n[\/vc_column][\/vc_row][vc_row has_content=&#8221;true&#8221;][vc_column]<h1 class='heading-middle  divider-modern' ><span>Referanslar\u0131m\u0131zdan Baz\u0131lar\u0131<\/span><\/h1>[vc_empty_space][vc_row_inner css=&#8221;.vc_custom_1630503843932{padding-bottom: 35px !important;}&#8221;][vc_column_inner][vc_column_text]\n\t\t<style>\n\t\t\t#wpls-logo-showcase-slider-1 .wpls-fix-box,\n\t\t\t#wpls-logo-showcase-slider-1 .wpls-fix-box img.wp-post-image{max-height:250px; }\n\t\t<\/style>\n\n\t\t<div class=\"wpls-wrap wpls-logo-showcase-slider-wrp wpls-logo-clearfix wpls-design-1 \" data-conf=\"{&quot;slides_column&quot;:4,&quot;slides_scroll&quot;:1,&quot;dots&quot;:&quot;true&quot;,&quot;arrows&quot;:&quot;true&quot;,&quot;autoplay&quot;:&quot;true&quot;,&quot;autoplay_interval&quot;:3000,&quot;loop&quot;:&quot;true&quot;,&quot;rtl&quot;:&quot;false&quot;,&quot;speed&quot;:800,&quot;center_mode&quot;:&quot;false&quot;,&quot;lazyload&quot;:&quot;&quot;}\">\n\t\t\t<div class=\"wpls-logo-showcase logo_showcase wpls-logo-slider  sliderimage_hide_border \" id=\"wpls-logo-showcase-slider-1\" >\n\t\t\t\t<div class=\"wpls-logo-cnt\">\n\t<div class=\"wpls-fix-box\">\n\t\t\t\t<img decoding=\"async\" class=\"wp-post-image\"  src=\"https:\/\/www.espack.com.tr\/wp-content\/uploads\/2021\/09\/1-2.jpg\" alt=\"\" \/>\n\t\t\t<\/div>\n\t<\/div><div class=\"wpls-logo-cnt\">\n\t<div class=\"wpls-fix-box\">\n\t\t\t\t<img decoding=\"async\" class=\"wp-post-image\"  src=\"https:\/\/www.espack.com.tr\/wp-content\/uploads\/2021\/09\/2-2.jpg\" alt=\"\" \/>\n\t\t\t<\/div>\n\t<\/div><div class=\"wpls-logo-cnt\">\n\t<div class=\"wpls-fix-box\">\n\t\t\t\t<img decoding=\"async\" class=\"wp-post-image\"  src=\"https:\/\/www.espack.com.tr\/wp-content\/uploads\/2021\/09\/3-1.jpg\" alt=\"\" \/>\n\t\t\t<\/div>\n\t<\/div><div class=\"wpls-logo-cnt\">\n\t<div class=\"wpls-fix-box\">\n\t\t\t\t<img decoding=\"async\" class=\"wp-post-image\"  src=\"https:\/\/www.espack.com.tr\/wp-content\/uploads\/2021\/09\/4-1.jpg\" alt=\"\" \/>\n\t\t\t<\/div>\n\t<\/div><div class=\"wpls-logo-cnt\">\n\t<div class=\"wpls-fix-box\">\n\t\t\t\t<img decoding=\"async\" class=\"wp-post-image\"  src=\"https:\/\/www.espack.com.tr\/wp-content\/uploads\/2021\/09\/5-1.jpg\" alt=\"\" \/>\n\t\t\t<\/div>\n\t<\/div>\t\t\t<\/div>\n\t\t<\/div>\n\n\t\t[\/vc_column_text][\/vc_column_inner][\/vc_row_inner][\/vc_column][\/vc_row][vc_row css=&#8221;.vc_custom_1633084410675{margin-top: 35px !important;}&#8221;][vc_column width=&#8221;1\/4&#8243;][\/vc_column][vc_column width=&#8221;1\/2&#8243;][vc_column_text]<\/p>\n<p style=\"text-align: center;\"><div class=\"wpforms-container wpforms-container-full\" id=\"wpforms-1593\"><form id=\"wpforms-form-1593\" class=\"wpforms-validate wpforms-form wpforms-ajax-form\" data-formid=\"1593\" method=\"post\" enctype=\"multipart\/form-data\" action=\"\/index.php?rest_route=%2Fwp%2Fv2%2Fpages%2F5\" data-token=\"ec9d53b6b2fa1e3db3c0d9760aca9a27\" data-token-time=\"1777624084\"><noscript class=\"wpforms-error-noscript\">Bu formu bitirebilmek i\u00e7in taray\u0131c\u0131n\u0131zda JavaScript&#039;i etkinle\u015ftirin.<\/noscript><div class=\"wpforms-field-container\"><div id=\"wpforms-1593-field_2-container\" class=\"wpforms-field wpforms-field-email\" data-field-id=\"2\"><label class=\"wpforms-field-label\" for=\"wpforms-1593-field_2\">Geli\u015fmelerden haberdar olmak i\u00e7in l\u00fctfen e - b\u00fcltenimize kay\u0131t olun.<\/label><input type=\"email\" id=\"wpforms-1593-field_2\" class=\"wpforms-field-medium\" name=\"wpforms[fields][2]\" placeholder=\"E - Posta Adresiniz\" spellcheck=\"false\" ><\/div><\/div><!-- .wpforms-field-container --><div class=\"wpforms-submit-container\" ><input type=\"hidden\" name=\"wpforms[id]\" value=\"1593\"><input type=\"hidden\" name=\"page_title\" value=\"\"><input type=\"hidden\" name=\"page_url\" value=\"https:\/\/www.espack.com.tr\/index.php?rest_route=\/wp\/v2\/pages\/5\"><input type=\"hidden\" name=\"url_referer\" value=\"\"><button type=\"submit\" name=\"wpforms[submit]\" id=\"wpforms-submit-1593\" class=\"wpforms-submit\" data-alt-text=\"Sending...\" data-submit-text=\"Kat\u0131l\" aria-live=\"assertive\" value=\"wpforms-submit\">Kat\u0131l<\/button><img loading=\"lazy\" decoding=\"async\" src=\"https:\/\/www.espack.com.tr\/wp-content\/plugins\/wpforms-lite\/assets\/images\/submit-spin.svg\" class=\"wpforms-submit-spinner\" style=\"display: none;\" width=\"26\" height=\"26\" alt=\"Y\u00fckleniyor\"><\/div><\/form><\/div>  <!-- .wpforms-container --><\/p>\n<p>[\/vc_column_text][\/vc_column][vc_column width=&#8221;1\/4&#8243;][\/vc_column][\/vc_row][vc_column][\/vc_column]<\/p>","protected":false},"excerpt":{"rendered":"<p>[vc_row has_content=&#8221;true&#8221;][vc_column][rev_slider_vc alias=&#8221;main-slider&#8221;][\/vc_column][\/vc_row][vc_row full_width=&#8221;stretch_row&#8221; video_bg=&#8221;yes&#8221; video_bg_url=&#8221;https:\/\/www.youtube.com\/watch?v=02uGbq-C_wo&amp;list=PLdGJJ6BBahVodCt3Cet2bDmDSiRVJoE5G&amp;index=3&#8243; css=&#8221;.vc_custom_1628466019166{margin-bottom: 50px !important;padding-top: 35px !important;padding-bottom: 35px !important;background-color: #0a0a0a !important;background-position: center !important;background-repeat: no-repeat !important;background-size: cover !important;}&#8221; has_content=&#8221;inside&#8221;][vc_column][vc_column_text css=&#8221;.vc_custom_1653833300730{margin-top: -10px !important;}&#8221;] \u00dcr\u00fcn Katalo\u011funu \u0130ndirmek \u0130\u00e7in T\u0131klay\u0131n [\/vc_column_text][\/vc_column][\/vc_row][vc_row][vc_column][\/vc_column][\/vc_row][vc_row css=&#8221;.vc_custom_1628463771786{margin-bottom: 25px !important;}&#8221;][vc_column width=&#8221;1\/2&#8243;][vc_single_image image=&#8221;899&#8243; img_size=&#8221;full&#8221; alignment=&#8221;center&#8221; style=&#8221;vc_box_outline&#8221; border_color=&#8221;juicy_pink&#8221;&#8230;<\/p>\n","protected":false},"author":1,"featured_media":0,"parent":0,"menu_order":0,"comment_status":"open","ping_status":"open","template":"","meta":{"_joinchat":[],"footnotes":""},"class_list":["post-5","page","type-page","status-publish","hentry"],"_links":{"self":[{"href":"https:\/\/www.espack.com.tr\/index.php?rest_route=\/wp\/v2\/pages\/5","targetHints":{"allow":["GET"]}}],"collection":[{"href":"https:\/\/www.espack.com.tr\/index.php?rest_route=\/wp\/v2\/pages"}],"about":[{"href":"https:\/\/www.espack.com.tr\/index.php?rest_route=\/wp\/v2\/types\/page"}],"author":[{"embeddable":true,"href":"https:\/\/www.espack.com.tr\/index.php?rest_route=\/wp\/v2\/users\/1"}],"replies":[{"embeddable":true,"href":"https:\/\/www.espack.com.tr\/index.php?rest_route=%2Fwp%2Fv2%2Fcomments&post=5"}],"version-history":[{"count":77,"href":"https:\/\/www.espack.com.tr\/index.php?rest_route=\/wp\/v2\/pages\/5\/revisions"}],"predecessor-version":[{"id":1629,"href":"https:\/\/www.espack.com.tr\/index.php?rest_route=\/wp\/v2\/pages\/5\/revisions\/1629"}],"wp:attachment":[{"href":"https:\/\/www.espack.com.tr\/index.php?rest_route=%2Fwp%2Fv2%2Fmedia&parent=5"}],"curies":[{"name":"wp","href":"https:\/\/api.w.org\/{rel}","templated":true}]}}