{"id":1507,"date":"2021-09-18T21:47:49","date_gmt":"2021-09-18T18:47:49","guid":{"rendered":"https:\/\/www.espack.com.tr\/?page_id=1507"},"modified":"2021-09-18T23:23:25","modified_gmt":"2021-09-18T20:23:25","slug":"english-case-sealer-machine","status":"publish","type":"page","link":"https:\/\/www.espack.com.tr\/?page_id=1507","title":{"rendered":"Koli Kapma Makinas\u0131"},"content":{"rendered":"<p>[vc_row][vc_column width=&#8221;1\/2&#8243;][vc_single_image image=&#8221;1508&#8243; img_size=&#8221;full&#8221; alignment=&#8221;center&#8221;][vc_empty_space][\/vc_column][vc_column width=&#8221;1\/2&#8243;][vc_column_text]<span style=\"color: #ff0000;\"><strong>ESPACK KOL\u0130 KAPAMA<\/strong><\/span><\/p>\n<ul>\n<li>Uyar\u0131 cihaz\u0131.<\/li>\n<li>Farkl\u0131 \u00fcr\u00fcnler i\u00e7in ayarlanabilir.<\/li>\n<li>Bile\u015fenler bin kez test edilir<\/li>\n<li>Bant izi d\u00fczg\u00fcn, d\u00fcz ve iyi g\u00f6r\u00fcn\u00fcyor.<\/li>\n<li>G\u00fc\u00e7l\u00fc uygulanabilirlik ve y\u00fcksek verimlilik<\/li>\n<li>Kolay kullan\u0131m, d\u00fc\u015f\u00fck ar\u0131za, uzun servis s\u00fcresi.<\/li>\n<\/ul>\n<p>[\/vc_column_text][\/vc_column][\/vc_row][vc_row][vc_column][vc_gallery type=&#8221;image_grid&#8221; images=&#8221;1514,1508,1478,1481,1483&#8243;][\/vc_column][\/vc_row]<\/p>","protected":false},"excerpt":{"rendered":"<p>[vc_row][vc_column width=&#8221;1\/2&#8243;][vc_single_image image=&#8221;1508&#8243; img_size=&#8221;full&#8221; alignment=&#8221;center&#8221;][vc_empty_space][\/vc_column][vc_column width=&#8221;1\/2&#8243;][vc_column_text]ESPACK KOL\u0130 KAPAMA Uyar\u0131 cihaz\u0131. Farkl\u0131 \u00fcr\u00fcnler i\u00e7in ayarlanabilir. Bile\u015fenler bin kez test edilir Bant izi d\u00fczg\u00fcn, d\u00fcz ve iyi g\u00f6r\u00fcn\u00fcyor. G\u00fc\u00e7l\u00fc uygulanabilirlik ve y\u00fcksek verimlilik Kolay kullan\u0131m, d\u00fc\u015f\u00fck ar\u0131za, uzun servis s\u00fcresi. [\/vc_column_text][\/vc_column][\/vc_row][vc_row][vc_column][vc_gallery type=&#8221;image_grid&#8221;&#8230;<\/p>\n","protected":false},"author":1,"featured_media":0,"parent":0,"menu_order":0,"comment_status":"closed","ping_status":"closed","template":"","meta":{"_joinchat":[],"footnotes":""},"class_list":["post-1507","page","type-page","status-publish","hentry"],"_links":{"self":[{"href":"https:\/\/www.espack.com.tr\/index.php?rest_route=\/wp\/v2\/pages\/1507","targetHints":{"allow":["GET"]}}],"collection":[{"href":"https:\/\/www.espack.com.tr\/index.php?rest_route=\/wp\/v2\/pages"}],"about":[{"href":"https:\/\/www.espack.com.tr\/index.php?rest_route=\/wp\/v2\/types\/page"}],"author":[{"embeddable":true,"href":"https:\/\/www.espack.com.tr\/index.php?rest_route=\/wp\/v2\/users\/1"}],"replies":[{"embeddable":true,"href":"https:\/\/www.espack.com.tr\/index.php?rest_route=%2Fwp%2Fv2%2Fcomments&post=1507"}],"version-history":[{"count":15,"href":"https:\/\/www.espack.com.tr\/index.php?rest_route=\/wp\/v2\/pages\/1507\/revisions"}],"predecessor-version":[{"id":1543,"href":"https:\/\/www.espack.com.tr\/index.php?rest_route=\/wp\/v2\/pages\/1507\/revisions\/1543"}],"wp:attachment":[{"href":"https:\/\/www.espack.com.tr\/index.php?rest_route=%2Fwp%2Fv2%2Fmedia&parent=1507"}],"curies":[{"name":"wp","href":"https:\/\/api.w.org\/{rel}","templated":true}]}}