{"id":15,"date":"2014-11-11T11:14:30","date_gmt":"2014-11-11T11:14:30","guid":{"rendered":"http:\/\/anpsthemes.com\/constructo\/?page_id=15"},"modified":"2024-01-28T20:26:12","modified_gmt":"2024-01-28T17:26:12","slug":"contact-us","status":"publish","type":"page","link":"https:\/\/www.espack.com.tr\/?page_id=15","title":{"rendered":"\u0130leti\u015fim"},"content":{"rendered":"<p>[vc_row][vc_column][vc_column_text][\/vc_column_text][\/vc_column][\/vc_row][vc_row css=&#8221;.vc_custom_1628467913947{margin-top: 50px !important;padding-bottom: 20px !important;}&#8221;][vc_column width=&#8221;1\/2&#8243;]<h4 class='heading-content  style-1' ><span>\u0130LET\u0130\u015e\u0130M<\/span><\/h4>[vc_empty_space height=&#8221;15px&#8221;][vc_column_text css_animation=&#8221;fadeInLeft&#8221;]<\/p>\n<h2><span style=\"color: #000000;\"><strong>ESPACK PAKETLEME MAK\u0130NASI \u0130MALAT VE DI\u015e T\u0130CARET<\/strong><\/span><\/h2>\n<p><strong>Adres:<\/strong> \u0130kitelli OSB. Pik D\u00f6k\u00fcmc\u00fcler San. Sit. No. 27, No:109 Ba\u015fak\u015fehir\/\u0130stanbul\/T\u00dcRK\u0130YE<\/p>\n<p><strong>Mobil: +90543 3116113<\/strong><\/p>\n<p><strong>E-Mail: <a href=\"mailto:info@espack.com.tr\"><u>info@espack.com.tr<\/u><\/a><\/strong><\/p>\n<p><strong>Sat\u0131\u015f: <a href=\"mailto:sales@espack.com.tr\">sales@espack.com.tr\u00a0<\/a><\/strong>[\/vc_column_text][\/vc_column][vc_column width=&#8221;1\/2&#8243;]<div class='map' id='map1' style='height: 300px;' data-type='ROADMAP' data-zoom='14' data-scroll='true' data-icon='https:\/\/www.espack.com.tr\/wp-content\/themes\/constructo\/images\/gmap\/map-pin.png' data-address='\u0130kitelli OSB. Pik D\u00f6k\u00fcmc\u00fcler San. Sit. No. 27, No:109 Ba\u015fak\u015fehir'><\/div>[\/vc_column][\/vc_row][vc_row][vc_column][vc_empty_space][vc_column_text]<\/p>\n<h4><strong>Sat\u0131\u015f ve Pazarlama M\u00fcd\u00fcr\u00fc<\/strong><\/h4>\n<h3>Mesut \u015eAH\u0130N<\/h3>\n<h3>Mob.:+90 541 870 58 72<\/h3>\n<h3>E-mail: <a href=\"mailto:mesut@espack.com.tr\">mesut@espack.com.tr<\/a><\/h3>\n<p>[\/vc_column_text][\/vc_column][\/vc_row][vc_row][vc_column]<h1 class='heading-middle  divider-modern' ><span>\u00dcRET\u0130M EK\u0130B\u0130M\u0130Z<\/span><\/h1>[\/vc_column][\/vc_row][vc_row][vc_column width=&#8221;1\/3&#8243;][vc_empty_space][vc_column_text]<\/p>\n<h3 style=\"text-align: center;\">Termoform ve Vakum Makinalar\u0131<\/h3>\n<h3 style=\"text-align: center;\">thermoform@espack.com.tr<\/h3>\n<p>[\/vc_column_text][\/vc_column][vc_column width=&#8221;1\/3&#8243;][vc_empty_space][vc_column_text]<\/p>\n<h3 style=\"text-align: center;\">Koli a\u00e7ma ve Kapama<\/h3>\n<h3 style=\"text-align: center;\">casemaker@espack.com.tr<\/h3>\n<p>[\/vc_column_text][\/vc_column][vc_column width=&#8221;1\/3&#8243;][vc_empty_space][vc_column_text]<\/p>\n<h3 style=\"text-align: center;\">Dolum ve Kapama Makinas\u0131<\/h3>\n<h3 style=\"text-align: center;\">filling@espack.com.tr<\/h3>\n<p>[\/vc_column_text][\/vc_column][\/vc_row]<\/p>","protected":false},"excerpt":{"rendered":"<p>[vc_row][vc_column][vc_column_text][\/vc_column_text][\/vc_column][\/vc_row][vc_row css=&#8221;.vc_custom_1628467913947{margin-top: 50px !important;padding-bottom: 20px !important;}&#8221;][vc_column width=&#8221;1\/2&#8243;][vc_empty_space height=&#8221;15px&#8221;][vc_column_text css_animation=&#8221;fadeInLeft&#8221;] ESPACK PAKETLEME MAK\u0130NASI \u0130MALAT VE DI\u015e T\u0130CARET Adres: \u0130kitelli OSB. Pik D\u00f6k\u00fcmc\u00fcler San. Sit. No. 27, No:109 Ba\u015fak\u015fehir\/\u0130stanbul\/T\u00dcRK\u0130YE Mobil: +90543 3116113 E-Mail: info@espack.com.tr Sat\u0131\u015f: sales@espack.com.tr\u00a0[\/vc_column_text][\/vc_column][vc_column width=&#8221;1\/2&#8243;][\/vc_column][\/vc_row][vc_row][vc_column][vc_empty_space][vc_column_text] Sat\u0131\u015f ve Pazarlama M\u00fcd\u00fcr\u00fc Mesut&#8230;<\/p>\n","protected":false},"author":1,"featured_media":0,"parent":0,"menu_order":0,"comment_status":"open","ping_status":"open","template":"","meta":{"_joinchat":[],"footnotes":""},"class_list":["post-15","page","type-page","status-publish","hentry"],"_links":{"self":[{"href":"https:\/\/www.espack.com.tr\/index.php?rest_route=\/wp\/v2\/pages\/15","targetHints":{"allow":["GET"]}}],"collection":[{"href":"https:\/\/www.espack.com.tr\/index.php?rest_route=\/wp\/v2\/pages"}],"about":[{"href":"https:\/\/www.espack.com.tr\/index.php?rest_route=\/wp\/v2\/types\/page"}],"author":[{"embeddable":true,"href":"https:\/\/www.espack.com.tr\/index.php?rest_route=\/wp\/v2\/users\/1"}],"replies":[{"embeddable":true,"href":"https:\/\/www.espack.com.tr\/index.php?rest_route=%2Fwp%2Fv2%2Fcomments&post=15"}],"version-history":[{"count":66,"href":"https:\/\/www.espack.com.tr\/index.php?rest_route=\/wp\/v2\/pages\/15\/revisions"}],"predecessor-version":[{"id":1698,"href":"https:\/\/www.espack.com.tr\/index.php?rest_route=\/wp\/v2\/pages\/15\/revisions\/1698"}],"wp:attachment":[{"href":"https:\/\/www.espack.com.tr\/index.php?rest_route=%2Fwp%2Fv2%2Fmedia&parent=15"}],"curies":[{"name":"wp","href":"https:\/\/api.w.org\/{rel}","templated":true}]}}