{"id":1470,"date":"2021-09-18T20:04:34","date_gmt":"2021-09-18T17:04:34","guid":{"rendered":"https:\/\/www.espack.com.tr\/?page_id=1470"},"modified":"2022-01-25T20:06:25","modified_gmt":"2022-01-25T17:06:25","slug":"english-case-erector-machine","status":"publish","type":"page","link":"https:\/\/www.espack.com.tr\/?page_id=1470","title":{"rendered":"Koli A\u00e7ma Makinas\u0131"},"content":{"rendered":"<p>[vc_row][vc_column width=&#8221;1\/2&#8243;][vc_single_image image=&#8221;1448&#8243; img_size=&#8221;full&#8221; alignment=&#8221;center&#8221;][\/vc_column][vc_column width=&#8221;1\/2&#8243;][vc_column_text]<strong><span style=\"color: #ff0000;\">ESPACK ES-20 KOL\u0130 A\u00c7MA MAK\u0130NASI<\/span><\/strong><\/p>\n<ul>\n<li><strong>PLC kontrol sistemi\u00a0<\/strong><\/li>\n<li><strong>7\u201d renkli LCD T\u00fcrk\u00e7e operat\u00f6r paneli\u00a0<\/strong><\/li>\n<li><strong>Dakikada 10~20 koli a\u00e7ma<\/strong><\/li>\n<li><strong>Zaman ve h\u0131z ayarlar\u0131 operat\u00f6r paneli \u00fczerinden<\/strong><\/li>\n<li><strong>Pn\u00f6matik silindir tahrikli koli a\u00e7ma ve itme sistemi\u00a0<\/strong><\/li>\n<li><strong>Mekanik g\u00fcvenlik anahtarl\u0131 g\u00fcvenlik kap\u0131lar\u0131\u00a0<\/strong><\/li>\n<li><strong>Kap\u0131lar a\u00e7\u0131ld\u0131\u011f\u0131nda otomatik durma<\/strong><\/li>\n<li><strong>Koli magazin haznesi (100 koli kapasiteli)<\/strong><\/li>\n<li><strong>Man\u00fcel koli \u00f6l\u00e7\u00fc ayar\u0131<\/strong><\/li>\n<li><strong>Kolay ula\u015f\u0131labilir Acil Stop butonlar\u0131<\/strong><\/li>\n<li><strong>Kolay ve h\u0131zl\u0131 \u00f6l\u00e7\u00fc ayar de\u011fi\u015fimi<\/strong><\/li>\n<\/ul>\n<p>[\/vc_column_text][\/vc_column][\/vc_row][vc_row][vc_column][vc_gallery type=&#8221;image_grid&#8221; images=&#8221;1514,1508,1478,1481&#8243;][\/vc_column][\/vc_row]<\/p>","protected":false},"excerpt":{"rendered":"<p>[vc_row][vc_column width=&#8221;1\/2&#8243;][vc_single_image image=&#8221;1448&#8243; img_size=&#8221;full&#8221; alignment=&#8221;center&#8221;][\/vc_column][vc_column width=&#8221;1\/2&#8243;][vc_column_text]ESPACK ES-20 KOL\u0130 A\u00c7MA MAK\u0130NASI PLC kontrol sistemi\u00a0 7\u201d renkli LCD T\u00fcrk\u00e7e operat\u00f6r paneli\u00a0 Dakikada 10~20 koli a\u00e7ma Zaman ve h\u0131z ayarlar\u0131 operat\u00f6r paneli \u00fczerinden Pn\u00f6matik silindir tahrikli koli a\u00e7ma ve itme sistemi\u00a0 Mekanik g\u00fcvenlik&#8230;<\/p>\n","protected":false},"author":1,"featured_media":0,"parent":0,"menu_order":0,"comment_status":"closed","ping_status":"closed","template":"","meta":{"_joinchat":[],"footnotes":""},"class_list":["post-1470","page","type-page","status-publish","hentry"],"_links":{"self":[{"href":"https:\/\/www.espack.com.tr\/index.php?rest_route=\/wp\/v2\/pages\/1470","targetHints":{"allow":["GET"]}}],"collection":[{"href":"https:\/\/www.espack.com.tr\/index.php?rest_route=\/wp\/v2\/pages"}],"about":[{"href":"https:\/\/www.espack.com.tr\/index.php?rest_route=\/wp\/v2\/types\/page"}],"author":[{"embeddable":true,"href":"https:\/\/www.espack.com.tr\/index.php?rest_route=\/wp\/v2\/users\/1"}],"replies":[{"embeddable":true,"href":"https:\/\/www.espack.com.tr\/index.php?rest_route=%2Fwp%2Fv2%2Fcomments&post=1470"}],"version-history":[{"count":27,"href":"https:\/\/www.espack.com.tr\/index.php?rest_route=\/wp\/v2\/pages\/1470\/revisions"}],"predecessor-version":[{"id":1609,"href":"https:\/\/www.espack.com.tr\/index.php?rest_route=\/wp\/v2\/pages\/1470\/revisions\/1609"}],"wp:attachment":[{"href":"https:\/\/www.espack.com.tr\/index.php?rest_route=%2Fwp%2Fv2%2Fmedia&parent=1470"}],"curies":[{"name":"wp","href":"https:\/\/api.w.org\/{rel}","templated":true}]}}