{"id":1146,"date":"2021-08-16T11:20:42","date_gmt":"2021-08-16T08:20:42","guid":{"rendered":"http:\/\/www.espack.com.tr\/?page_id=1146"},"modified":"2021-08-16T11:20:51","modified_gmt":"2021-08-16T08:20:51","slug":"yurtici-referanslar","status":"publish","type":"page","link":"https:\/\/www.espack.com.tr\/?page_id=1146","title":{"rendered":"Yurti\u00e7i Referanslar"},"content":{"rendered":"<p>[vc_row css=&#8221;.vc_custom_1628467482639{margin-top: 50px !important;}&#8221;][vc_column width=&#8221;1\/2&#8243;][vc_column_text]<\/p>\n<table border=\"1\" cellspacing=\"0\">\n<tbody>\n<tr>\n<td colspan=\"8\"><span style=\"color: #ff0000;\"><strong>MAK\u0130NA T\u00dcR\u00dc<\/strong><\/span><\/td>\n<td colspan=\"10\"><span style=\"color: #ff0000;\"><strong>F\u0130RMA ADI<\/strong><\/span><\/td>\n<td colspan=\"6\"><span style=\"color: #ff0000;\"><strong>\u015eEH\u0130R<\/strong><\/span><\/td>\n<\/tr>\n<tr>\n<td colspan=\"8\">MVZ-300<\/td>\n<td colspan=\"10\">ALTILAR GIDA 1. MAK\u0130NA<\/td>\n<td colspan=\"6\">S\u0130NOP<\/td>\n<\/tr>\n<tr>\n<td colspan=\"8\">MVZ-300<\/td>\n<td colspan=\"10\">ALTILAR GIDA 2. MAK\u0130NA<\/td>\n<td colspan=\"6\">S\u0130NOP<\/td>\n<\/tr>\n<tr>\n<td colspan=\"8\">MVZ-300<\/td>\n<td colspan=\"10\">KARLIDAG DAIRY GIDA 1. MAK\u0130NA<\/td>\n<td colspan=\"6\">MALATYA<\/td>\n<\/tr>\n<tr>\n<td colspan=\"8\">MVZ-300<\/td>\n<td colspan=\"10\">KARLIDAG DAIRY GIDA 2. MAK\u0130NA<\/td>\n<td colspan=\"6\">MALATYA<\/td>\n<\/tr>\n<tr>\n<td colspan=\"8\">MVZ-300<\/td>\n<td colspan=\"10\">KULOGLU DAIRY GIDA<\/td>\n<td colspan=\"6\">AMASYA<\/td>\n<\/tr>\n<tr>\n<td colspan=\"8\">MVZ-300<\/td>\n<td colspan=\"10\">AKGUL GIDA<\/td>\n<td colspan=\"6\">KONYA<\/td>\n<\/tr>\n<tr>\n<td colspan=\"8\">MVZ-300<\/td>\n<td colspan=\"10\">AYKANLAR S\u00dcT \u00dcR\u00dcNLER\u0130 1. MAK\u0130NA<\/td>\n<td colspan=\"6\">\u0130ZM\u0130R<\/td>\n<\/tr>\n<tr>\n<td colspan=\"8\">MVZ-301<\/td>\n<td colspan=\"10\">AYKANLAR S\u00dcT \u00dcR\u00dcNLER\u0130 2. MAK\u0130NA<\/td>\n<td colspan=\"6\">\u0130ZM\u0130R<\/td>\n<\/tr>\n<tr>\n<td colspan=\"8\">MVZ-300<\/td>\n<td colspan=\"10\">G\u00dcLE\u015e DAIRY GIDA<\/td>\n<td colspan=\"6\">NEV\u015eEH\u0130R<\/td>\n<\/tr>\n<tr>\n<td colspan=\"8\">MVZ-300<\/td>\n<td colspan=\"10\">SERDAR DAIRY GIDA<\/td>\n<td colspan=\"6\">\u0130ZM\u0130R<\/td>\n<\/tr>\n<tr>\n<td colspan=\"8\">MVZ-150<\/td>\n<td colspan=\"10\">AKSANTA\u015e GIDA 1. MAK\u0130NA<\/td>\n<td colspan=\"6\">KONYA<\/td>\n<\/tr>\n<tr>\n<td colspan=\"8\">MVZ-150<\/td>\n<td colspan=\"10\">AKSANTA\u015e GIDA 2. MAK\u0130NA<\/td>\n<td colspan=\"6\">KONYA<\/td>\n<\/tr>\n<tr>\n<td colspan=\"8\">MVZ-300 MAX<\/td>\n<td colspan=\"10\">AL\u0130 EGE ZEYT\u0130N<\/td>\n<td colspan=\"6\">BURSA<\/td>\n<\/tr>\n<tr>\n<td colspan=\"8\">MVZ-150<\/td>\n<td colspan=\"10\">ALTINI\u015eIK GIDA<\/td>\n<td colspan=\"6\">ANKARA<\/td>\n<\/tr>\n<tr>\n<td colspan=\"8\">MVZ-150<\/td>\n<td colspan=\"10\">SETPA MEDICAL<\/td>\n<td colspan=\"6\">\u0130ZM\u0130R<\/td>\n<\/tr>\n<tr>\n<td colspan=\"8\">MVZ-300<\/td>\n<td colspan=\"10\">SU BIYOMEDICAL CO.<\/td>\n<td colspan=\"6\">\u0130STANBUL<\/td>\n<\/tr>\n<tr>\n<td colspan=\"8\">MVZ-300<\/td>\n<td colspan=\"10\">ALABANDA S\u00dcT\u00dc \u00dcR\u00dcNLER\u0130<\/td>\n<td colspan=\"6\">AYDIN<\/td>\n<\/tr>\n<tr>\n<td colspan=\"8\">MVZ-300<\/td>\n<td colspan=\"10\">TADAL PASTA<\/td>\n<td colspan=\"6\">SAMSUN<\/td>\n<\/tr>\n<\/tbody>\n<\/table>\n<p>[\/vc_column_text][\/vc_column][vc_column width=&#8221;1\/2&#8243;][vc_column_text]<\/p>\n<table border=\"1\" cellspacing=\"0\">\n<tbody>\n<tr>\n<td colspan=\"8\">MVZ-300<\/td>\n<td colspan=\"10\">KORA\u00c7 S\u00dcT \u00dcR\u00dcNLER\u0130<\/td>\n<td colspan=\"6\">ORDU<\/td>\n<\/tr>\n<tr>\n<td colspan=\"8\">MVZ-300 MAX<\/td>\n<td colspan=\"10\">TEKSEN ZEYT\u0130N<\/td>\n<td colspan=\"6\">MAN\u0130SA<\/td>\n<\/tr>\n<tr>\n<td colspan=\"8\">MVZ-300<\/td>\n<td colspan=\"10\">KARAG\u00d6Z\u00a0 S\u00dcT \u00dcR\u00dcNLER\u0130<\/td>\n<td colspan=\"6\">MAN\u0130SA<\/td>\n<\/tr>\n<tr>\n<td colspan=\"8\">MVZ-300<\/td>\n<td colspan=\"10\">BAYSAN PASTA<\/td>\n<td colspan=\"6\">\u0130STANBUL<\/td>\n<\/tr>\n<tr>\n<td colspan=\"8\">MVZ-300<\/td>\n<td colspan=\"10\">USSU SU<\/td>\n<td colspan=\"6\">\u0130STANBUL<\/td>\n<\/tr>\n<tr>\n<td colspan=\"8\">MVZ-300<\/td>\n<td colspan=\"10\">YILDIZ ET \u00dcR\u00dcNLER\u0130<\/td>\n<td colspan=\"6\">S\u0130VAS<\/td>\n<\/tr>\n<tr>\n<td colspan=\"8\">MVZ-18\/57<\/td>\n<td colspan=\"10\">N\u0130KSAR AYVAZ SU<\/td>\n<td colspan=\"6\">TOKAT<\/td>\n<\/tr>\n<tr>\n<td colspan=\"8\">MVZ-300<\/td>\n<td colspan=\"10\">H\u0130SAR S\u00dcT \u00dcR\u00dcNLER\u0130<\/td>\n<td colspan=\"6\">\u0130ZM\u0130R<\/td>\n<\/tr>\n<tr>\n<td colspan=\"8\">MVZ-300<\/td>\n<td colspan=\"10\">AKPINAR S\u00dcT \u00dcR\u00dcNLER\u0130<\/td>\n<td colspan=\"6\">\u00c7ANAKKALE<\/td>\n<\/tr>\n<tr>\n<td colspan=\"8\">MVZ-300<\/td>\n<td colspan=\"10\">AL\u0130MA SU \u00dcR\u00dcNLER\u0130<\/td>\n<td colspan=\"6\">MALATYA<\/td>\n<\/tr>\n<tr>\n<td colspan=\"8\">MVZ-300<\/td>\n<td colspan=\"10\">ER-HAS S\u00dcT \u00dcR\u00dcNLER\u0130<\/td>\n<td colspan=\"6\">ERZURUM<\/td>\n<\/tr>\n<tr>\n<td colspan=\"8\">MVZ-300<\/td>\n<td colspan=\"10\">\u015eAVAKSAN TULUM PEYN\u0130R\u0130<\/td>\n<td colspan=\"6\">ELAZI\u011e<\/td>\n<\/tr>\n<tr>\n<td colspan=\"8\">MVZ-300<\/td>\n<td colspan=\"10\">KORSA\u015e S\u00dcT \u00dcR\u00dcNLER\u0130<\/td>\n<td colspan=\"6\">ORDU<\/td>\n<\/tr>\n<tr>\n<td colspan=\"8\">MVZ-300<\/td>\n<td colspan=\"10\">ET-A\u015e GIDA<\/td>\n<td colspan=\"6\">\u0130STANBUL<\/td>\n<\/tr>\n<tr>\n<td colspan=\"8\">MVZ-300<\/td>\n<td colspan=\"10\">U\u011eURLU P\u0130\u015eMAN\u0130YE<\/td>\n<td colspan=\"6\">KASTAMONU<\/td>\n<\/tr>\n<tr>\n<td colspan=\"8\">MVZ-300<\/td>\n<td colspan=\"10\">DALGI\u00c7LAR S\u00dcT \u00dcR\u00dcNLER\u0130<\/td>\n<td colspan=\"6\">\u00c7ORUM<\/td>\n<\/tr>\n<tr>\n<td colspan=\"8\">MVZ-300<\/td>\n<td colspan=\"10\">ERG\u00dcVEN S\u00dcT \u00dcR\u00dcNLER\u0130<\/td>\n<td colspan=\"6\">ANTALYA<\/td>\n<\/tr>\n<tr>\n<td colspan=\"8\">MVZ-300<\/td>\n<td colspan=\"10\">AKBI\u00c7AK S\u00dcT \u00dcR\u00dcNLER\u0130<\/td>\n<td colspan=\"6\">KIBRIS<\/td>\n<\/tr>\n<tr>\n<td colspan=\"8\">MVZ-300<\/td>\n<td colspan=\"10\">\u015e\u0130R\u0130N TULUM PEYN\u0130RLER\u0130<\/td>\n<td colspan=\"6\">ERZ\u0130NCAN<\/td>\n<\/tr>\n<\/tbody>\n<\/table>\n<p>[\/vc_column_text][\/vc_column][\/vc_row]<\/p>\n","protected":false},"excerpt":{"rendered":"<p>[vc_row css=&#8221;.vc_custom_1628467482639{margin-top: 50px !important;}&#8221;][vc_column width=&#8221;1\/2&#8243;][vc_column_text] MAK\u0130NA T\u00dcR\u00dc F\u0130RMA ADI \u015eEH\u0130R MVZ-300 ALTILAR GIDA 1. MAK\u0130NA S\u0130NOP MVZ-300 ALTILAR GIDA 2. MAK\u0130NA S\u0130NOP MVZ-300 KARLIDAG DAIRY GIDA 1. MAK\u0130NA MALATYA MVZ-300 KARLIDAG DAIRY GIDA 2. MAK\u0130NA MALATYA MVZ-300 KULOGLU DAIRY GIDA&#8230;<\/p>\n","protected":false},"author":1,"featured_media":0,"parent":0,"menu_order":0,"comment_status":"closed","ping_status":"closed","template":"","meta":{"_joinchat":[],"footnotes":""},"class_list":["post-1146","page","type-page","status-publish","hentry"],"_links":{"self":[{"href":"https:\/\/www.espack.com.tr\/index.php?rest_route=\/wp\/v2\/pages\/1146","targetHints":{"allow":["GET"]}}],"collection":[{"href":"https:\/\/www.espack.com.tr\/index.php?rest_route=\/wp\/v2\/pages"}],"about":[{"href":"https:\/\/www.espack.com.tr\/index.php?rest_route=\/wp\/v2\/types\/page"}],"author":[{"embeddable":true,"href":"https:\/\/www.espack.com.tr\/index.php?rest_route=\/wp\/v2\/users\/1"}],"replies":[{"embeddable":true,"href":"https:\/\/www.espack.com.tr\/index.php?rest_route=%2Fwp%2Fv2%2Fcomments&post=1146"}],"version-history":[{"count":1,"href":"https:\/\/www.espack.com.tr\/index.php?rest_route=\/wp\/v2\/pages\/1146\/revisions"}],"predecessor-version":[{"id":1147,"href":"https:\/\/www.espack.com.tr\/index.php?rest_route=\/wp\/v2\/pages\/1146\/revisions\/1147"}],"wp:attachment":[{"href":"https:\/\/www.espack.com.tr\/index.php?rest_route=%2Fwp%2Fv2%2Fmedia&parent=1146"}],"curies":[{"name":"wp","href":"https:\/\/api.w.org\/{rel}","templated":true}]}}