{"id":11,"date":"2014-11-11T11:14:05","date_gmt":"2014-11-11T11:14:05","guid":{"rendered":"http:\/\/anpsthemes.com\/constructo\/?page_id=11"},"modified":"2021-09-19T20:10:34","modified_gmt":"2021-09-19T17:10:34","slug":"about-us","status":"publish","type":"page","link":"https:\/\/www.espack.com.tr\/?page_id=11","title":{"rendered":"About us"},"content":{"rendered":"<p>[vc_row css=&#8221;.vc_custom_1628467109513{margin-top: 50px !important;}&#8221;][vc_column width=&#8221;1\/2&#8243;][vc_single_image image=&#8221;934&#8243; img_size=&#8221;full&#8221; css_animation=&#8221;fadeInLeft&#8221; css=&#8221;.vc_custom_1628466702362{margin-top: 30px !important;}&#8221;][\/vc_column][vc_column width=&#8221;1\/2&#8243; css=&#8221;.vc_custom_1628466724354{margin-top: 25px !important;}&#8221;][vc_text_separator title=&#8221;HAKKIMIZDA&#8221; color=&#8221;black&#8221;][vc_empty_space height=&#8221;20px&#8221;][vc_column_text css_animation=&#8221;fadeInRight&#8221;]ESPACK MAK\u0130NA, Maksivak markas\u0131 alt\u0131nda \u00fcretti\u011fimiz\u00a0 Tam otomatik termoform ve haz\u0131r kap makinalar\u0131n\u0131n yurti\u00e7i ve yurtd\u0131\u015f\u0131 sat\u0131\u015f faaliyetleri ger\u00e7ekle\u015ftirmek \u00fczere 2018 &#8216;e kurulmu\u015ftur.<\/p>\n<p>Bardak su,ka\u015far,yo\u011furt,hurma,zeytin vb. \u00fcr\u00fcnlerin paketlenmesinde kullan\u0131lan\u00a0 gazl\u0131,vakumlu,zincirli ve zincirsiz Termoform paketleme ve vakum makinelerini CAD\/CAM teknolijisini kullanarak kendi tesislerimizde ve kendi CNC tezgahlar\u0131m\u0131zda i\u015fleyerek siz de\u011ferli m\u00fc\u015fterilerimizn hizmetine sunmaktay\u0131z.\u00a0\u00a0 \u00a0 \u00a0G\u00fcn\u00fcm\u00fcz \u015fartlar\u0131nda s\u00fcrekli de\u011fi\u015fen ve geli\u015fen teknolojiyi yak\u0131ndan takip ederek kendi b\u00fcnyemize katmak\u00a0 ve \u015eirket kalite prensiplerimizden \u00f6d\u00fcn vermeden m\u00fc\u015fterilerimize rekabet avantaj\u0131 ve yenilik sa\u011flamaya devam etmek amac\u0131nday\u0131z.[\/vc_column_text][\/vc_column][\/vc_row][vc_row css=&#8221;.vc_custom_1528673138891{margin-top: 30px !important;}&#8221;][vc_column width=&#8221;1\/2&#8243;][vc_text_separator title=&#8221;Vizyonumuz&#8221; color=&#8221;black&#8221;][vc_empty_space][vc_column_text css_animation=&#8221;fadeInDown&#8221;]ESPACK&#8217;in\u00a0 amac\u0131 her zaman ve her yerde m\u00fc\u015fteri odakl\u0131, entegre ileti\u015fim \u00e7\u00f6z\u00fcmleri ile m\u00fc\u015fterilerine h\u0131zl\u0131, kaliteli, ekonomik hizmetler sunmakt\u0131r. Modern ve teknolojik ara\u00e7lar ile m\u00fc\u015fterilerimizi gelece\u011fe ta\u015f\u0131yan en do\u011fru adres olmay\u0131 ama\u00e7lamaktay\u0131z.[\/vc_column_text][\/vc_column][vc_column width=&#8221;1\/2&#8243;][vc_text_separator title=&#8221;Misyonumuz&#8221; color=&#8221;black&#8221;][vc_empty_space][vc_column_text css_animation=&#8221;fadeInDown&#8221;]Faaliyette bulundu\u011fumuz sekt\u00f6rlerde; bireye ve topluma sayg\u0131l\u0131, hukuka, ekonomik ve ahlaki ilkelere ba\u011fl\u0131, sa\u011fl\u0131k, emniyet ve \u00e7evreye duyarl\u0131 olarak m\u00fc\u015fterilerimizin beklentilerini en \u00fcst seviyede kar\u015f\u0131lamay\u0131 ama\u00e7lamaktay\u0131z.[\/vc_column_text][\/vc_column][\/vc_row]<\/p>","protected":false},"excerpt":{"rendered":"<p>[vc_row css=&#8221;.vc_custom_1628467109513{margin-top: 50px !important;}&#8221;][vc_column width=&#8221;1\/2&#8243;][vc_single_image image=&#8221;934&#8243; img_size=&#8221;full&#8221; css_animation=&#8221;fadeInLeft&#8221; css=&#8221;.vc_custom_1628466702362{margin-top: 30px !important;}&#8221;][\/vc_column][vc_column width=&#8221;1\/2&#8243; css=&#8221;.vc_custom_1628466724354{margin-top: 25px !important;}&#8221;][vc_text_separator title=&#8221;HAKKIMIZDA&#8221; color=&#8221;black&#8221;][vc_empty_space height=&#8221;20px&#8221;][vc_column_text css_animation=&#8221;fadeInRight&#8221;]ESPACK MAK\u0130NA, Maksivak markas\u0131 alt\u0131nda \u00fcretti\u011fimiz\u00a0 Tam otomatik termoform ve haz\u0131r kap makinalar\u0131n\u0131n yurti\u00e7i ve yurtd\u0131\u015f\u0131 sat\u0131\u015f faaliyetleri ger\u00e7ekle\u015ftirmek \u00fczere 2018 &#8216;e&#8230;<\/p>\n","protected":false},"author":1,"featured_media":0,"parent":0,"menu_order":0,"comment_status":"open","ping_status":"open","template":"","meta":{"_joinchat":[],"footnotes":""},"class_list":["post-11","page","type-page","status-publish","hentry"],"_links":{"self":[{"href":"https:\/\/www.espack.com.tr\/index.php?rest_route=\/wp\/v2\/pages\/11","targetHints":{"allow":["GET"]}}],"collection":[{"href":"https:\/\/www.espack.com.tr\/index.php?rest_route=\/wp\/v2\/pages"}],"about":[{"href":"https:\/\/www.espack.com.tr\/index.php?rest_route=\/wp\/v2\/types\/page"}],"author":[{"embeddable":true,"href":"https:\/\/www.espack.com.tr\/index.php?rest_route=\/wp\/v2\/users\/1"}],"replies":[{"embeddable":true,"href":"https:\/\/www.espack.com.tr\/index.php?rest_route=%2Fwp%2Fv2%2Fcomments&post=11"}],"version-history":[{"count":12,"href":"https:\/\/www.espack.com.tr\/index.php?rest_route=\/wp\/v2\/pages\/11\/revisions"}],"predecessor-version":[{"id":1552,"href":"https:\/\/www.espack.com.tr\/index.php?rest_route=\/wp\/v2\/pages\/11\/revisions\/1552"}],"wp:attachment":[{"href":"https:\/\/www.espack.com.tr\/index.php?rest_route=%2Fwp%2Fv2%2Fmedia&parent=11"}],"curies":[{"name":"wp","href":"https:\/\/api.w.org\/{rel}","templated":true}]}}