{"id":1076,"date":"2021-08-09T04:57:41","date_gmt":"2021-08-09T01:57:41","guid":{"rendered":"http:\/\/www.espack.com.tr\/?page_id=1076"},"modified":"2021-09-01T18:43:07","modified_gmt":"2021-09-01T15:43:07","slug":"paketleme-cozumleri-2","status":"publish","type":"page","link":"https:\/\/www.espack.com.tr\/?page_id=1076","title":{"rendered":"Paketleme \u00c7\u00f6z\u00fcmleri"},"content":{"rendered":"<p><\/p>\n<p>[vc_row css=&#8221;.vc_custom_1628472548696{margin-top: 50px !important;}&#8221;][vc_column width=&#8221;1\/2&#8243;][vc_single_image image=&#8221;985&#8243; img_size=&#8221;full&#8221;][\/vc_column][vc_column width=&#8221;1\/2&#8243;][vc_column_text]<\/p>\n<h3 class=\"mb-none\"><strong>Paketleme \u00c7\u00f6z\u00fcmleri<\/strong><\/h3>\n<p>Espack has extensive experience in the food packaging industry. We are able to customise a vacuum packaging solution for your specific needs.<\/p>\n<p><u><strong>Spare Parts\u2026<\/strong><\/u><\/p>\n<p>As Espack,<strong>\u00a0<\/strong>we are designing, operating the aluminium, inox steel, steel, according to the customer technical drawings &amp; requests with using CAD\/CAM and CNC Technologies. So, we can manufacture your machineries spare parts made of plastic, metal, aluminium or stainless steel.<\/p>\n<p><strong>\u00a0<u>Doypack and Labelling Machines&#8230;<\/u><\/strong><\/p>\n<p>As an Espack Machinery, alongside our Termoformer and Traysealer machines, with the help of our partner companies, we are ready to help for your different needs like Doypack and Labelling Machines.<\/p>\n<p><strong><u>Contract Manufacturing&#8230;<\/u><\/strong><\/p>\n<p>Dear Manufacturers and Dealers, as you know, Turkey is well known in LLC (Low Cost Country) group. We are ready to manufacture\u00a0a complete machine under your existing brand and if you want to set new name of brand, we can take this brand name.[\/vc_column_text][\/vc_column][\/vc_row][vc_row css=&#8221;.vc_custom_1628469481179{margin-top: 30px !important;}&#8221;][vc_column width=&#8221;1\/2&#8243;][vc_tta_tabs color=&#8221;juicy-pink&#8221; active_section=&#8221;1&#8243;][vc_tta_section title=&#8221;Teknik \u00d6zellikler&#8221; tab_id=&#8221;1628469292272-723b6db8-4d49&#8243;][vc_column_text]info@espack.com.tr[\/vc_column_text][\/vc_tta_section][vc_tta_section title=&#8221;Kullan\u0131m Alanlar\u0131&#8221; tab_id=&#8221;1628469292282-a781891e-801f&#8221;][\/vc_tta_section][vc_tta_section title=&#8221;Foto\u011fraflar&#8221; tab_id=&#8221;1628469298790-327989eb-0da7&#8243;][vc_gallery type=&#8221;image_grid&#8221; images=&#8221;985&#8243;][\/vc_tta_section][\/vc_tta_tabs][\/vc_column][vc_column width=&#8221;1\/2&#8243;]<div class=\"video-wrapper\"><iframe loading=\"lazy\" src=\"https:\/\/www.youtube.com\/embed\/?wmode=transparent\" width=\"1280\" height=\"315\" style=\"border: none !important\"><\/iframe><\/div>[\/vc_column][\/vc_row]<\/p>\n<p><\/p>","protected":false},"excerpt":{"rendered":"<p>[vc_row css=&#8221;.vc_custom_1628472548696{margin-top: 50px !important;}&#8221;][vc_column width=&#8221;1\/2&#8243;][vc_single_image image=&#8221;985&#8243; img_size=&#8221;full&#8221;][\/vc_column][vc_column width=&#8221;1\/2&#8243;][vc_column_text] Paketleme \u00c7\u00f6z\u00fcmleri Espack has extensive experience in the food packaging industry. We are able to customise a vacuum packaging solution for your specific needs. Spare Parts\u2026 As Espack,\u00a0we are designing, operating the&#8230;<\/p>\n","protected":false},"author":1,"featured_media":0,"parent":0,"menu_order":0,"comment_status":"closed","ping_status":"closed","template":"","meta":{"_joinchat":[],"footnotes":""},"class_list":["post-1076","page","type-page","status-publish","hentry"],"_links":{"self":[{"href":"https:\/\/www.espack.com.tr\/index.php?rest_route=\/wp\/v2\/pages\/1076","targetHints":{"allow":["GET"]}}],"collection":[{"href":"https:\/\/www.espack.com.tr\/index.php?rest_route=\/wp\/v2\/pages"}],"about":[{"href":"https:\/\/www.espack.com.tr\/index.php?rest_route=\/wp\/v2\/types\/page"}],"author":[{"embeddable":true,"href":"https:\/\/www.espack.com.tr\/index.php?rest_route=\/wp\/v2\/users\/1"}],"replies":[{"embeddable":true,"href":"https:\/\/www.espack.com.tr\/index.php?rest_route=%2Fwp%2Fv2%2Fcomments&post=1076"}],"version-history":[{"count":2,"href":"https:\/\/www.espack.com.tr\/index.php?rest_route=\/wp\/v2\/pages\/1076\/revisions"}],"predecessor-version":[{"id":1379,"href":"https:\/\/www.espack.com.tr\/index.php?rest_route=\/wp\/v2\/pages\/1076\/revisions\/1379"}],"wp:attachment":[{"href":"https:\/\/www.espack.com.tr\/index.php?rest_route=%2Fwp%2Fv2%2Fmedia&parent=1076"}],"curies":[{"name":"wp","href":"https:\/\/api.w.org\/{rel}","templated":true}]}}