{"id":1064,"date":"2021-08-09T04:50:51","date_gmt":"2021-08-09T01:50:51","guid":{"rendered":"http:\/\/www.espack.com.tr\/?page_id=1064"},"modified":"2021-09-01T18:36:47","modified_gmt":"2021-09-01T15:36:47","slug":"tam-otomatik-kase-kapatma-makinesi-kv-1000","status":"publish","type":"page","link":"https:\/\/www.espack.com.tr\/?page_id=1064","title":{"rendered":"Tam Otomatik Kase Kapatma Makinesi KV-1000"},"content":{"rendered":"<p>[vc_row css=&#8221;.vc_custom_1628472548696{margin-top: 50px !important;}&#8221;][vc_column width=&#8221;1\/2&#8243;][vc_single_image image=&#8221;982&#8243; img_size=&#8221;full&#8221;][\/vc_column][vc_column width=&#8221;1\/2&#8243;][vc_column_text]<\/p>\n<h3 class=\"mb-none\"><strong>Tam Otomatik Kase Kapatma Makinesi KV-1000<\/strong><\/h3>\n<p>MAK\u0130NANIN FONKS\u0130YONLARI<br \/>\nBO\u015eALTMA VE Y\u00fcKLEME \u0130STASYONU:<br \/>\niki g\u00f6zl\u00fc hazneye sahip olan istasyona yerle\u015ftirilen tabaklar operat\u00f6r yard\u0131m\u0131yla yuvaya itilir \u00fcr\u00fcn alg\u0131lay\u0131c\u0131lar vas\u0131tas\u0131yla alg\u0131land\u0131ktan sonra operasyon ba\u015flar ve vakum \/gaz\/ yap\u0131\u015ft\u0131rma i\u015flemi yap\u0131l\u0131r. I\u015flemi biten tabaklar al\u0131narak yeni tabaklar koyularak operasyon devam eder.<br \/>\nF\u0130LM SARMA S\u0130STEM\u0130:<br \/>\nY\u00fckleme istasyonu vas\u0131tas\u0131yla hazneye al\u0131nan kaselerin \u00fcst film yap\u0131\u015ft\u0131rma i\u015flemide ger\u00e7ele\u015fir bu i\u015flem otomatik film sarma motorlar\u0131 vas\u0131tas\u0131yla hazneye yeni film \u00e7ekerken art\u0131k film leride makinan\u0131n di\u011fer yan\u0131nda toplama i\u015flemi ger\u00e7ekle\u015ftirir.<br \/>\nYAPI\u015eTIRMA \/ KESME KALIP \u0130STASYONU:<br \/>\nHazne i\u00e7inde bulunan kaselerin \u00fczerine film sarma motorlar\u0131 vas\u0131tas\u0131yla \u00e7ekilen film kaseye p\u00fcnomatikler ve valf ler sayesinde kal\u0131p i\u00e7erisinde yap\u0131\u015ft\u0131r\u0131l\u0131r ve yine p\u00fcnomatik ve valfler yard\u0131m\u0131yla tabak \u00f6l\u00e7\u00fclerince film kesme i\u015flemleri yap\u0131l\u0131r ve kal\u0131p a\u00e7\u0131l\u0131r.[\/vc_column_text][\/vc_column][\/vc_row][vc_row css=&#8221;.vc_custom_1628469481179{margin-top: 30px !important;}&#8221;][vc_column width=&#8221;1\/2&#8243;][vc_tta_tabs color=&#8221;juicy-pink&#8221; active_section=&#8221;1&#8243;][vc_tta_section title=&#8221;Teknik \u00d6zellikler&#8221; tab_id=&#8221;1628469292272-723b6db8-4d49&#8243;][vc_single_image image=&#8221;1065&#8243; img_size=&#8221;full&#8221;][\/vc_tta_section][vc_tta_section title=&#8221;Kullan\u0131m Alanlar\u0131&#8221; tab_id=&#8221;1628469292282-a781891e-801f&#8221;][\/vc_tta_section][vc_tta_section title=&#8221;Foto\u011fraflar&#8221; tab_id=&#8221;1628469298790-327989eb-0da7&#8243;][vc_gallery type=&#8221;image_grid&#8221; images=&#8221;982&#8243;][\/vc_tta_section][\/vc_tta_tabs][\/vc_column][vc_column width=&#8221;1\/2&#8243;]<div class=\"video-wrapper\"><iframe loading=\"lazy\" src=\"https:\/\/www.youtube.com\/embed\/4eUOCQ3CYQ8?wmode=transparent\" width=\"1280\" height=\"315\" style=\"border: none !important\"><\/iframe><\/div>[\/vc_column][\/vc_row]<\/p>","protected":false},"excerpt":{"rendered":"<p>[vc_row css=&#8221;.vc_custom_1628472548696{margin-top: 50px !important;}&#8221;][vc_column width=&#8221;1\/2&#8243;][vc_single_image image=&#8221;982&#8243; img_size=&#8221;full&#8221;][\/vc_column][vc_column width=&#8221;1\/2&#8243;][vc_column_text] Tam Otomatik Kase Kapatma Makinesi KV-1000 MAK\u0130NANIN FONKS\u0130YONLARI BO\u015eALTMA VE Y\u00fcKLEME \u0130STASYONU: iki g\u00f6zl\u00fc hazneye sahip olan istasyona yerle\u015ftirilen tabaklar operat\u00f6r yard\u0131m\u0131yla yuvaya itilir \u00fcr\u00fcn alg\u0131lay\u0131c\u0131lar vas\u0131tas\u0131yla alg\u0131land\u0131ktan sonra operasyon ba\u015flar ve&#8230;<\/p>\n","protected":false},"author":1,"featured_media":0,"parent":0,"menu_order":0,"comment_status":"closed","ping_status":"closed","template":"","meta":{"_joinchat":[],"footnotes":""},"class_list":["post-1064","page","type-page","status-publish","hentry"],"_links":{"self":[{"href":"https:\/\/www.espack.com.tr\/index.php?rest_route=\/wp\/v2\/pages\/1064","targetHints":{"allow":["GET"]}}],"collection":[{"href":"https:\/\/www.espack.com.tr\/index.php?rest_route=\/wp\/v2\/pages"}],"about":[{"href":"https:\/\/www.espack.com.tr\/index.php?rest_route=\/wp\/v2\/types\/page"}],"author":[{"embeddable":true,"href":"https:\/\/www.espack.com.tr\/index.php?rest_route=\/wp\/v2\/users\/1"}],"replies":[{"embeddable":true,"href":"https:\/\/www.espack.com.tr\/index.php?rest_route=%2Fwp%2Fv2%2Fcomments&post=1064"}],"version-history":[{"count":5,"href":"https:\/\/www.espack.com.tr\/index.php?rest_route=\/wp\/v2\/pages\/1064\/revisions"}],"predecessor-version":[{"id":1376,"href":"https:\/\/www.espack.com.tr\/index.php?rest_route=\/wp\/v2\/pages\/1064\/revisions\/1376"}],"wp:attachment":[{"href":"https:\/\/www.espack.com.tr\/index.php?rest_route=%2Fwp%2Fv2%2Fmedia&parent=1064"}],"curies":[{"name":"wp","href":"https:\/\/api.w.org\/{rel}","templated":true}]}}