{"id":1059,"date":"2021-08-09T04:48:03","date_gmt":"2021-08-09T01:48:03","guid":{"rendered":"http:\/\/www.espack.com.tr\/?page_id=1059"},"modified":"2021-09-01T18:25:52","modified_gmt":"2021-09-01T15:25:52","slug":"vakum-makinasi-kv-650","status":"publish","type":"page","link":"https:\/\/www.espack.com.tr\/?page_id=1059","title":{"rendered":"Vakum Makinas\u0131 KV-650"},"content":{"rendered":"<p>[vc_row css=&#8221;.vc_custom_1628472548696{margin-top: 50px !important;}&#8221;][vc_column width=&#8221;1\/2&#8243;][vc_single_image image=&#8221;978&#8243; img_size=&#8221;full&#8221;][\/vc_column][vc_column width=&#8221;1\/2&#8243;][vc_column_text]<\/p>\n<h3 class=\"font-weight-semibold mb-xs mt-xs\"><strong>Vakum Makinas\u0131 KV-650<\/strong><\/h3>\n<p>B\u00fcy\u00fck Vakum makinesi 650 modelleri et , s\u00fct , deniz \u00fcr\u00fcnleri ve her t\u00fcrl\u00fc g\u0131da maddelerini vakum ambalaj yapabilirsiniz.\u0130stenirse gaz \u00fcnitesi ilave edilerek yufka, \u00e7e\u015fitli mezeler,kuruyemi\u015f ve benzeri \u00fcr\u00fcnleride paketleyebilirsiniz. Sonu\u00e7 olarak g\u0131da maddelerinin k\u0131sa s\u00fcrede bozulmalar\u0131 ve fire vermeleri \u00f6nlenir. Kardelen serisi \u00e7ene boylar\u0131 65 cm olmak \u00fczere iki \u00e7e\u015fittir. Tamam\u0131 paslanmaz Krom \u00e7elikten imal edilmi\u015ftir.[\/vc_column_text][\/vc_column][\/vc_row][vc_row css=&#8221;.vc_custom_1628469481179{margin-top: 30px !important;}&#8221;][vc_column width=&#8221;1\/2&#8243;][vc_tta_tabs color=&#8221;juicy-pink&#8221; active_section=&#8221;1&#8243;][vc_tta_section title=&#8221;Teknik \u00d6zellikler&#8221; tab_id=&#8221;1628469292272-723b6db8-4d49&#8243;][vc_single_image image=&#8221;1060&#8243; img_size=&#8221;full&#8221;][\/vc_tta_section][vc_tta_section title=&#8221;Kullan\u0131m Alanlar\u0131&#8221; tab_id=&#8221;1628469292282-a781891e-801f&#8221;][\/vc_tta_section][vc_tta_section title=&#8221;Foto\u011fraflar&#8221; tab_id=&#8221;1628469298790-327989eb-0da7&#8243;][\/vc_tta_section][\/vc_tta_tabs][\/vc_column][vc_column width=&#8221;1\/2&#8243;]<div class=\"video-wrapper\"><iframe loading=\"lazy\" src=\"https:\/\/www.youtube.com\/embed\/?wmode=transparent\" width=\"1280\" height=\"315\" style=\"border: none !important\"><\/iframe><\/div>[\/vc_column][\/vc_row]<\/p>","protected":false},"excerpt":{"rendered":"<p>[vc_row css=&#8221;.vc_custom_1628472548696{margin-top: 50px !important;}&#8221;][vc_column width=&#8221;1\/2&#8243;][vc_single_image image=&#8221;978&#8243; img_size=&#8221;full&#8221;][\/vc_column][vc_column width=&#8221;1\/2&#8243;][vc_column_text] Vakum Makinas\u0131 KV-650 B\u00fcy\u00fck Vakum makinesi 650 modelleri et , s\u00fct , deniz \u00fcr\u00fcnleri ve her t\u00fcrl\u00fc g\u0131da maddelerini vakum ambalaj yapabilirsiniz.\u0130stenirse gaz \u00fcnitesi ilave edilerek yufka, \u00e7e\u015fitli mezeler,kuruyemi\u015f ve benzeri \u00fcr\u00fcnleride&#8230;<\/p>\n","protected":false},"author":1,"featured_media":0,"parent":0,"menu_order":0,"comment_status":"closed","ping_status":"closed","template":"","meta":{"_joinchat":[],"footnotes":""},"class_list":["post-1059","page","type-page","status-publish","hentry"],"_links":{"self":[{"href":"https:\/\/www.espack.com.tr\/index.php?rest_route=\/wp\/v2\/pages\/1059","targetHints":{"allow":["GET"]}}],"collection":[{"href":"https:\/\/www.espack.com.tr\/index.php?rest_route=\/wp\/v2\/pages"}],"about":[{"href":"https:\/\/www.espack.com.tr\/index.php?rest_route=\/wp\/v2\/types\/page"}],"author":[{"embeddable":true,"href":"https:\/\/www.espack.com.tr\/index.php?rest_route=\/wp\/v2\/users\/1"}],"replies":[{"embeddable":true,"href":"https:\/\/www.espack.com.tr\/index.php?rest_route=%2Fwp%2Fv2%2Fcomments&post=1059"}],"version-history":[{"count":5,"href":"https:\/\/www.espack.com.tr\/index.php?rest_route=\/wp\/v2\/pages\/1059\/revisions"}],"predecessor-version":[{"id":1375,"href":"https:\/\/www.espack.com.tr\/index.php?rest_route=\/wp\/v2\/pages\/1059\/revisions\/1375"}],"wp:attachment":[{"href":"https:\/\/www.espack.com.tr\/index.php?rest_route=%2Fwp%2Fv2%2Fmedia&parent=1059"}],"curies":[{"name":"wp","href":"https:\/\/api.w.org\/{rel}","templated":true}]}}