{"id":1052,"date":"2021-08-09T04:44:05","date_gmt":"2021-08-09T01:44:05","guid":{"rendered":"http:\/\/www.espack.com.tr\/?page_id=1052"},"modified":"2021-09-01T18:23:58","modified_gmt":"2021-09-01T15:23:58","slug":"kase-kapatma-makinasi-kv-600","status":"publish","type":"page","link":"https:\/\/www.espack.com.tr\/?page_id=1052","title":{"rendered":"Kase Kapatma Makinas\u0131 KV-600"},"content":{"rendered":"<p>[vc_row css=&#8221;.vc_custom_1628472548696{margin-top: 50px !important;}&#8221;][vc_column width=&#8221;1\/2&#8243;][vc_single_image image=&#8221;975&#8243; img_size=&#8221;full&#8221;][\/vc_column][vc_column width=&#8221;1\/2&#8243;][vc_column_text]<\/p>\n<h3 class=\"mb-none\"><strong>Kase Kapatma Makinas\u0131 KV-600<\/strong><\/h3>\n<p>Yar\u0131 otomatik ESPACK haz\u0131r tabak kapatma makineleri plastik, karton ve al\u00fcminyum tabaklarda kullan\u0131lan \u00fcst filmler ile \u00e7al\u0131\u015f\u0131r. Klasik paketleme i\u015fleminin yan\u0131 s\u0131ra MAP (Modifiye Atmosfer Paketleme) uygulamalar\u0131n\u0131 da kapsamaktad\u0131r.<br \/>\nYar\u0131 otomatik haz\u0131r tabak kapatma makinelerimizin, ak\u0131ll\u0131 Elektronik ekran sayesinde paketlemenin her ad\u0131m\u0131n\u0131 kontrol edebilirsiniz. Kal\u0131p de\u011fi\u015fimini h\u0131zl\u0131 ve kolay bir \u015fekilde ger\u00e7ekle\u015ftirerek farkl\u0131 tip tabaklar\u0131n kullan\u0131lmas\u0131n\u0131 sa\u011flayabilirsiniz. Bu makinelerde kullan\u0131lan paslanmaz \u00e7elik g\u00f6vdesi son derece sa\u011flamd\u0131r; bak\u0131m\u0131 ve temizli\u011fi \u00e7ok kolayd\u0131r. Uygun boyutlar\u0131 sayesinde fazla yer i\u015fgal etmez ve t\u00fcm \u00fcretim ortamlar\u0131nda rahat\u00e7a kullan\u0131labilir[\/vc_column_text][\/vc_column][\/vc_row][vc_row css=&#8221;.vc_custom_1628469481179{margin-top: 30px !important;}&#8221;][vc_column width=&#8221;1\/2&#8243;][vc_tta_tabs color=&#8221;juicy-pink&#8221; active_section=&#8221;1&#8243;][vc_tta_section title=&#8221;Teknik \u00d6zellikler&#8221; tab_id=&#8221;1628469292272-723b6db8-4d49&#8243;][vc_single_image image=&#8221;1053&#8243; img_size=&#8221;full&#8221;][\/vc_tta_section][vc_tta_section title=&#8221;Kullan\u0131m Alanlar\u0131&#8221; tab_id=&#8221;1628469292282-a781891e-801f&#8221;][\/vc_tta_section][vc_tta_section title=&#8221;Foto\u011fraflar&#8221; tab_id=&#8221;1628469298790-327989eb-0da7&#8243;][vc_gallery type=&#8221;image_grid&#8221; images=&#8221;1042,1043,1044,1045,1046,1047&#8243;][\/vc_tta_section][\/vc_tta_tabs][\/vc_column][vc_column width=&#8221;1\/2&#8243;]<div class=\"video-wrapper\"><iframe loading=\"lazy\" src=\"https:\/\/www.youtube.com\/embed\/ldpA4DO4sPo?wmode=transparent\" width=\"1280\" height=\"315\" style=\"border: none !important\"><\/iframe><\/div>[\/vc_column][\/vc_row]<\/p>","protected":false},"excerpt":{"rendered":"<p>[vc_row css=&#8221;.vc_custom_1628472548696{margin-top: 50px !important;}&#8221;][vc_column width=&#8221;1\/2&#8243;][vc_single_image image=&#8221;975&#8243; img_size=&#8221;full&#8221;][\/vc_column][vc_column width=&#8221;1\/2&#8243;][vc_column_text] Kase Kapatma Makinas\u0131 KV-600 Yar\u0131 otomatik ESPACK haz\u0131r tabak kapatma makineleri plastik, karton ve al\u00fcminyum tabaklarda kullan\u0131lan \u00fcst filmler ile \u00e7al\u0131\u015f\u0131r. Klasik paketleme i\u015fleminin yan\u0131 s\u0131ra MAP (Modifiye Atmosfer Paketleme) uygulamalar\u0131n\u0131 da&#8230;<\/p>\n","protected":false},"author":1,"featured_media":0,"parent":0,"menu_order":0,"comment_status":"closed","ping_status":"closed","template":"","meta":{"_joinchat":[],"footnotes":""},"class_list":["post-1052","page","type-page","status-publish","hentry"],"_links":{"self":[{"href":"https:\/\/www.espack.com.tr\/index.php?rest_route=\/wp\/v2\/pages\/1052","targetHints":{"allow":["GET"]}}],"collection":[{"href":"https:\/\/www.espack.com.tr\/index.php?rest_route=\/wp\/v2\/pages"}],"about":[{"href":"https:\/\/www.espack.com.tr\/index.php?rest_route=\/wp\/v2\/types\/page"}],"author":[{"embeddable":true,"href":"https:\/\/www.espack.com.tr\/index.php?rest_route=\/wp\/v2\/users\/1"}],"replies":[{"embeddable":true,"href":"https:\/\/www.espack.com.tr\/index.php?rest_route=%2Fwp%2Fv2%2Fcomments&post=1052"}],"version-history":[{"count":3,"href":"https:\/\/www.espack.com.tr\/index.php?rest_route=\/wp\/v2\/pages\/1052\/revisions"}],"predecessor-version":[{"id":1373,"href":"https:\/\/www.espack.com.tr\/index.php?rest_route=\/wp\/v2\/pages\/1052\/revisions\/1373"}],"wp:attachment":[{"href":"https:\/\/www.espack.com.tr\/index.php?rest_route=%2Fwp%2Fv2%2Fmedia&parent=1052"}],"curies":[{"name":"wp","href":"https:\/\/api.w.org\/{rel}","templated":true}]}}