{"id":1035,"date":"2021-08-09T04:38:11","date_gmt":"2021-08-09T01:38:11","guid":{"rendered":"http:\/\/www.espack.com.tr\/?page_id=1035"},"modified":"2021-09-01T18:13:35","modified_gmt":"2021-09-01T15:13:35","slug":"termoform-mvz-18-57","status":"publish","type":"page","link":"https:\/\/www.espack.com.tr\/?page_id=1035","title":{"rendered":"Termoform MVZ-18\/57"},"content":{"rendered":"<p>[vc_row css=&#8221;.vc_custom_1628472548696{margin-top: 50px !important;}&#8221;][vc_column width=&#8221;1\/2&#8243;][vc_single_image image=&#8221;962&#8243; img_size=&#8221;full&#8221;][\/vc_column][vc_column width=&#8221;1\/2&#8243;][vc_column_text]<\/p>\n<h3><strong>Termoform MVZ-18\/57<\/strong><\/h3>\n<p>MVT-18\/57, Bug\u00fcn\u00fcn ve gelece\u011fin gereksinimlerini kar\u015f\u0131layabilecek d\u00fczeyde , \u00fcr\u00fcn ve ambalaj malzemesi dikkate al\u0131narak tasarlanm\u0131\u015f, t\u00fcm \u00f6nemli par\u00e7alar\u0131 korozyona dayan\u0131kl\u0131 ve kaliteli hammaddelerden se\u00e7ilmi\u015f, tam otomatik ambalaj hatt\u0131d\u0131r.\u00a0\u00a0 MVT-18\/57, \u00fcr\u00fcnlerin b\u00fcy\u00fck gramajlarda ve y\u00fcksek kapasitede ambalajlanmalar\u0131 i\u00e7in geli\u015ftirilmi\u015f, de\u011fi\u015fik nitelikteki malzemeler ile \u00e7al\u0131\u015fabilen ve derin \u00e7ekme yapan ileri teknoloji \u00fcr\u00fcn\u00fc bir makinad\u0131r.<br \/>\nMVT-18\/57, damlatmayan hassas dolum sitemi ve d\u00fc\u015f\u00fck d\u00fczeydeki fire olu\u015fumu sayesinde y\u00fcksek verimli v ekonomiktir.\u00a0\u00a0 \u00a0 \u00a0 MVT-18\/57, folyo ve kal\u0131p de\u011fi\u015ftirme ile temizlik ve bak\u0131m i\u015flemlerinin k\u0131sa zamanda ve kolayca yap\u0131lmas\u0131na olanak sa\u011flar.\u00a0\u00a0 MVT-18\/57, B\u00fct\u00fcn parametreleri an\u0131nda izlenebilen, PLC ile kumanda edilen, uzmanl\u0131k ile deneyimin birle\u015fti\u011fi y\u00fcksek i\u015f \u00a0g\u00fcvenli\u011fine sahip bir makinad\u0131r.[\/vc_column_text][\/vc_column][\/vc_row][vc_row css=&#8221;.vc_custom_1628469481179{margin-top: 30px !important;}&#8221;][vc_column width=&#8221;1\/2&#8243;][vc_tta_tabs color=&#8221;juicy-pink&#8221; active_section=&#8221;1&#8243;][vc_tta_section title=&#8221;Teknik \u00d6zellikler&#8221; tab_id=&#8221;1628469292272-723b6db8-4d49&#8243;][vc_column_text]Yo\u011furt, Ayran,Su, Meyve suyu, Margarin, Tereya\u011f,<\/p>\n<p>Bal, Re\u00e7el, \u00c7okokrem, Eritme peyniri[\/vc_column_text][\/vc_tta_section][vc_tta_section title=&#8221;Kullan\u0131m Alanlar\u0131&#8221; tab_id=&#8221;1628469292282-a781891e-801f&#8221;][\/vc_tta_section][vc_tta_section title=&#8221;Foto\u011fraflar&#8221; tab_id=&#8221;1628469298790-327989eb-0da7&#8243;][vc_gallery type=&#8221;image_grid&#8221; images=&#8221;1036,1037,1038&#8243;][\/vc_tta_section][\/vc_tta_tabs][\/vc_column][vc_column width=&#8221;1\/2&#8243;]<div class=\"video-wrapper\"><iframe loading=\"lazy\" src=\"https:\/\/www.youtube.com\/embed\/cQZoBiEJ8Zw?wmode=transparent\" width=\"1280\" height=\"315\" style=\"border: none !important\"><\/iframe><\/div>[\/vc_column][\/vc_row]<\/p>","protected":false},"excerpt":{"rendered":"<p>[vc_row css=&#8221;.vc_custom_1628472548696{margin-top: 50px !important;}&#8221;][vc_column width=&#8221;1\/2&#8243;][vc_single_image image=&#8221;962&#8243; img_size=&#8221;full&#8221;][\/vc_column][vc_column width=&#8221;1\/2&#8243;][vc_column_text] Termoform MVZ-18\/57 MVT-18\/57, Bug\u00fcn\u00fcn ve gelece\u011fin gereksinimlerini kar\u015f\u0131layabilecek d\u00fczeyde , \u00fcr\u00fcn ve ambalaj malzemesi dikkate al\u0131narak tasarlanm\u0131\u015f, t\u00fcm \u00f6nemli par\u00e7alar\u0131 korozyona dayan\u0131kl\u0131 ve kaliteli hammaddelerden se\u00e7ilmi\u015f, tam otomatik ambalaj hatt\u0131d\u0131r.\u00a0\u00a0 MVT-18\/57, \u00fcr\u00fcnlerin&#8230;<\/p>\n","protected":false},"author":1,"featured_media":0,"parent":0,"menu_order":0,"comment_status":"closed","ping_status":"closed","template":"","meta":{"_joinchat":[],"footnotes":""},"class_list":["post-1035","page","type-page","status-publish","hentry"],"_links":{"self":[{"href":"https:\/\/www.espack.com.tr\/index.php?rest_route=\/wp\/v2\/pages\/1035","targetHints":{"allow":["GET"]}}],"collection":[{"href":"https:\/\/www.espack.com.tr\/index.php?rest_route=\/wp\/v2\/pages"}],"about":[{"href":"https:\/\/www.espack.com.tr\/index.php?rest_route=\/wp\/v2\/types\/page"}],"author":[{"embeddable":true,"href":"https:\/\/www.espack.com.tr\/index.php?rest_route=\/wp\/v2\/users\/1"}],"replies":[{"embeddable":true,"href":"https:\/\/www.espack.com.tr\/index.php?rest_route=%2Fwp%2Fv2%2Fcomments&post=1035"}],"version-history":[{"count":3,"href":"https:\/\/www.espack.com.tr\/index.php?rest_route=\/wp\/v2\/pages\/1035\/revisions"}],"predecessor-version":[{"id":1371,"href":"https:\/\/www.espack.com.tr\/index.php?rest_route=\/wp\/v2\/pages\/1035\/revisions\/1371"}],"wp:attachment":[{"href":"https:\/\/www.espack.com.tr\/index.php?rest_route=%2Fwp%2Fv2%2Fmedia&parent=1035"}],"curies":[{"name":"wp","href":"https:\/\/api.w.org\/{rel}","templated":true}]}}