{"id":1029,"date":"2021-08-09T04:35:05","date_gmt":"2021-08-09T01:35:05","guid":{"rendered":"http:\/\/www.espack.com.tr\/?page_id=1029"},"modified":"2021-09-01T18:12:36","modified_gmt":"2021-09-01T15:12:36","slug":"termoform-mvt-18-34","status":"publish","type":"page","link":"https:\/\/www.espack.com.tr\/?page_id=1029","title":{"rendered":"Termoform MVT-18\/34"},"content":{"rendered":"<p>[vc_row css=&#8221;.vc_custom_1628472548696{margin-top: 50px !important;}&#8221;][vc_column width=&#8221;1\/2&#8243;][vc_single_image image=&#8221;961&#8243; img_size=&#8221;full&#8221;][\/vc_column][vc_column width=&#8221;1\/2&#8243;][vc_column_text]<\/p>\n<h3><strong>Termoform MVT-18\/34<\/strong><\/h3>\n<p>MVT-18\/34 Farkl\u0131 gereksinimleri kar\u015f\u0131layabilecek esneklikte,t\u00fcm ambalajlama i\u015flemlerini pe\u015f pe\u015fe ger\u00e7ekle\u015ftiren ve \u00fcr\u00fcnlere uzun raf \u00f6mr\u00fc kazand\u0131ran komple bir ambalaj hatt\u0131d\u0131r.<br \/>\nMVT-18\/34 Y\u00fcksek kalteli komponentlerin kullan\u0131ld\u0131\u011f\u0131i elektro pn\u00f6matik sistemle \u00e7al\u0131\u015f\u0131p enerji tasarrufu sa\u011flayan ekonomik ve dayan\u0131kl\u0131 bir makinad\u0131r<br \/>\nMVT-18\/34, \u00fcr\u00fcne uygun ve y\u00fcksek hassasiyetli dozajlama sistemine sahip, k\u00fc\u00e7\u00fck \u00f6l\u00e7ekli y\u00fcksek hijyenli paketleme yapan geli\u015fmi\u015f bir ambalajlama sistemidir.<br \/>\nMVT-18\/34, tek bir operat\u00f6rle \u00e7al\u0131\u015fan,bir \u00fcr\u00fcnden di\u011fer \u00fcr\u00fcne kolayca ge\u00e7ilen, minumum d\u00fczeyde bak\u0131m gerektiren, d\u00fc\u015f\u00fck g\u00fcr\u00fclt\u00fc \u00fcreten sorunsuz bir makinad\u0131r.<br \/>\nMVT-18\/34, PLC ekran\u0131ndan \u00e7al\u0131\u015fma parametrelerinin izlenip arzu edilen de\u011fi\u015fiklerin kolayca yap\u0131labildi\u011fi en son teknoloji \u00fcr\u00fcn\u00fc bir makinad\u0131r.[\/vc_column_text][\/vc_column][\/vc_row][vc_row css=&#8221;.vc_custom_1628469481179{margin-top: 30px !important;}&#8221;][vc_column width=&#8221;1\/2&#8243;][vc_tta_tabs color=&#8221;juicy-pink&#8221; active_section=&#8221;1&#8243;][vc_tta_section title=&#8221;Teknik \u00d6zellikler&#8221; tab_id=&#8221;1628469292272-723b6db8-4d49&#8243;][\/vc_tta_section][vc_tta_section title=&#8221;Kullan\u0131m Alanlar\u0131&#8221; tab_id=&#8221;1628469292282-a781891e-801f&#8221;][\/vc_tta_section][vc_tta_section title=&#8221;Foto\u011fraflar&#8221; tab_id=&#8221;1628469298790-327989eb-0da7&#8243;][vc_gallery type=&#8221;image_grid&#8221; images=&#8221;1030,1031,1032&#8243;][\/vc_tta_section][\/vc_tta_tabs][\/vc_column][vc_column width=&#8221;1\/2&#8243;]<div class=\"video-wrapper\"><iframe loading=\"lazy\" src=\"https:\/\/www.youtube.com\/embed\/zBJ3nQ-sK9E?wmode=transparent\" width=\"1280\" height=\"315\" style=\"border: none !important\"><\/iframe><\/div>[\/vc_column][\/vc_row]<\/p>","protected":false},"excerpt":{"rendered":"<p>[vc_row css=&#8221;.vc_custom_1628472548696{margin-top: 50px !important;}&#8221;][vc_column width=&#8221;1\/2&#8243;][vc_single_image image=&#8221;961&#8243; img_size=&#8221;full&#8221;][\/vc_column][vc_column width=&#8221;1\/2&#8243;][vc_column_text] Termoform MVT-18\/34 MVT-18\/34 Farkl\u0131 gereksinimleri kar\u015f\u0131layabilecek esneklikte,t\u00fcm ambalajlama i\u015flemlerini pe\u015f pe\u015fe ger\u00e7ekle\u015ftiren ve \u00fcr\u00fcnlere uzun raf \u00f6mr\u00fc kazand\u0131ran komple bir ambalaj hatt\u0131d\u0131r. MVT-18\/34 Y\u00fcksek kalteli komponentlerin kullan\u0131ld\u0131\u011f\u0131i elektro pn\u00f6matik sistemle \u00e7al\u0131\u015f\u0131p enerji&#8230;<\/p>\n","protected":false},"author":1,"featured_media":0,"parent":0,"menu_order":0,"comment_status":"closed","ping_status":"closed","template":"","meta":{"_joinchat":[],"footnotes":""},"class_list":["post-1029","page","type-page","status-publish","hentry"],"_links":{"self":[{"href":"https:\/\/www.espack.com.tr\/index.php?rest_route=\/wp\/v2\/pages\/1029","targetHints":{"allow":["GET"]}}],"collection":[{"href":"https:\/\/www.espack.com.tr\/index.php?rest_route=\/wp\/v2\/pages"}],"about":[{"href":"https:\/\/www.espack.com.tr\/index.php?rest_route=\/wp\/v2\/types\/page"}],"author":[{"embeddable":true,"href":"https:\/\/www.espack.com.tr\/index.php?rest_route=\/wp\/v2\/users\/1"}],"replies":[{"embeddable":true,"href":"https:\/\/www.espack.com.tr\/index.php?rest_route=%2Fwp%2Fv2%2Fcomments&post=1029"}],"version-history":[{"count":4,"href":"https:\/\/www.espack.com.tr\/index.php?rest_route=\/wp\/v2\/pages\/1029\/revisions"}],"predecessor-version":[{"id":1370,"href":"https:\/\/www.espack.com.tr\/index.php?rest_route=\/wp\/v2\/pages\/1029\/revisions\/1370"}],"wp:attachment":[{"href":"https:\/\/www.espack.com.tr\/index.php?rest_route=%2Fwp%2Fv2%2Fmedia&parent=1029"}],"curies":[{"name":"wp","href":"https:\/\/api.w.org\/{rel}","templated":true}]}}